{"id":12156,"date":"2026-03-13T13:54:28","date_gmt":"2026-03-13T13:54:28","guid":{"rendered":"https:\/\/ockendenmatdev.wpenginepowered.com\/legal\/"},"modified":"2026-03-24T14:26:51","modified_gmt":"2026-03-24T14:26:51","slug":"legal","status":"publish","type":"page","link":"https:\/\/www.ockendenmaternityreview.org.uk\/ro\/legal\/","title":{"rendered":"Legal"},"content":{"rendered":"\n<h3 class=\"wp-block-heading\">Aviz juridic<\/h3>\n\n<p>Bine a\u021bi venit pe site-ul dedicat recenziilor independente ale serviciilor de maternitate at\u00e2t la spitalele universitare din Nottingham, c\u00e2t \u0219i la Shrewsbury \u0219i Telford Hospital NHS Trust. Acest site web este de\u021binut \u0219i \u00eentre\u021binut de Donna Ockenden Limited (&#8222;<strong>DOL&#8221;),<\/strong> cu sediul social: 3 Lion Street, Chichester, West Sussex, Regatul Unit, PO19 1LW. <\/p>\n\n<p>Prin utilizarea acestui site web, indica\u021bi c\u0103 accepta\u021bi \u0219i sunte\u021bi de acord s\u0103 respecta\u021bi urm\u0103torii termeni de utilizare (&#8222;<strong>Termenii<\/strong>&#8222;):<\/p>\n\n<h3 class=\"wp-block-heading\">Utilizarea acestui site web<\/h3>\n\n<ul class=\"wp-block-list\">\n<li>Utilizarea acestui site se face pe propriul risc;<\/li>\n\n\n\n<li>Utilizarea acestui site este permis\u0103 numai \u00een scopuri personale &#8211; nicio utilizare comercial\u0103 a acestui site web nu este permis\u0103 f\u0103r\u0103 permisiunea expres\u0103 \u0219i scris\u0103 a DOL;<\/li>\n\n\n\n<li>Con\u021binutul acestui site web nu poate fi copiat sau reprodus \u00een niciun fel f\u0103r\u0103 acordul prealabil scris al DOL;<\/li>\n\n\n\n<li>Con\u021binutul acestui site web poate fi modificat f\u0103r\u0103 notificare prealabil\u0103;<\/li>\n\n\n\n<li>Acest site web poate fi utilizat numai \u00een scopuri legale &#8211; nu vi se permite s\u0103 perturba\u021bi, s\u0103 modifica\u021bi sau s\u0103 interfera\u021bi cu nimic de pe acest site web;<\/li>\n<\/ul>\n\n<h3 class=\"wp-block-heading\">R\u0103spunderea DOL<\/h3>\n\n<ul class=\"wp-block-list\">\n<li>DOL declin\u0103 \u00een mod expres orice r\u0103spundere \u0219i responsabilitate pentru:<\/li>\n\n\n\n<li>orice pierdere sau daun\u0103 direct\u0103, indirect\u0103 sau consecvent\u0103 suferit\u0103 de orice utilizator al acestui site web care rezult\u0103 din orice \u00eencredere acordat\u0103 materialelor postate pe site, inclusiv prin:<\/li>\n\n\n\n<li>orice persoan\u0103 care poate fi informat\u0103 cu privire la con\u021binutul acestora; sau<\/li>\n\n\n\n<li>din utilizarea sau incapacitatea de a utiliza site-ul, direct sau indirect, care rezult\u0103 din inexactit\u0103\u021bi, defecte, erori, tipografice sau de alt\u0103 natur\u0103, omisiuni, informa\u021bii neactualizate sau altfel, chiar dac\u0103 o astfel de pierdere a fost previzibil\u0103 \u00een mod rezonabil.  <\/li>\n<\/ul>\n\n<p>Pierderile \u0219i daunele directe, indirecte sau pe cale de consecin\u021b\u0103 includ, dar nu se limiteaz\u0103 la pierderea profiturilor sau a contractelor, pierderea veniturilor sau veniturilor, pierderea afacerilor, pierderea fondului comercial, deteriorarea reputa\u021biei \u0219i cheltuielile irosite sau timpul de gestionare.<\/p>\n\n<ul class=\"wp-block-list\">\n<li>Nimic din ace\u0219ti Termeni nu exclude r\u0103spunderea DOL pentru deces sau v\u0103t\u0103mare corporal\u0103 rezultat\u0103 din neglijen\u021ba sa, nici r\u0103spunderea sa pentru denaturarea frauduloas\u0103 sau orice alt\u0103 r\u0103spundere care nu poate fi exclus\u0103 sau limitat\u0103 \u00een conformitate cu legisla\u021bia aplicabil\u0103;<\/li>\n<\/ul>\n\n<h3 class=\"wp-block-heading\">Conectarea la acest site web<\/h3>\n\n<ul class=\"wp-block-list\">\n<li>Vi se permite s\u0103 v\u0103 conecta\u021bi la acest site web. Cu toate acestea, acest lucru se \u00eent\u00e2mpl\u0103 cu condi\u021bia s\u0103 face\u021bi acest lucru numai \u00eentr-un mod corect \u0219i legal &#8211; \u0219i \u00eentr-un mod care s\u0103 nu d\u0103uneze sau s\u0103 profite de reputa\u021bia DOL;   <\/li>\n\n\n\n<li>Nu vi se permite s\u0103 stabili\u021bi o leg\u0103tur\u0103 astfel \u00eenc\u00e2t s\u0103 sugereze orice form\u0103 de asociere, aprobare sau aprobare din partea DOL, \u00een cazul \u00een care nu exist\u0103 o astfel de asociere, aprobare sau aprobare;<\/li>\n\n\n\n<li>Nu vi se permite s\u0103 stabili\u021bi un link de pe niciun site web care nu este de\u021binut de dvs.;<\/li>\n\n\n\n<li>Site-ul DOL nu poate fi \u00eencadrat pe niciun alt site web. DOL \u00ee\u0219i rezerv\u0103 dreptul de a retrage permisiunea de conectare f\u0103r\u0103 notificare; <\/li>\n\n\n\n<li>Dac\u0103 dori\u021bi s\u0103 utiliza\u021bi orice material de pe acest site, altul dec\u00e2t cel stabilit \u00een punctele de mai sus, v\u0103 rug\u0103m s\u0103 adresa\u021bi solicitarea dvs. la: <a href=\"mailto:communications@donnaockenden.com\">communications@donnaockenden.com<\/a> <\/li>\n<\/ul>\n\n<h3 class=\"wp-block-heading\">Site-uri web ter\u021be<\/h3>\n\n<ul class=\"wp-block-list\">\n<li>DOL nu accept\u0103 nicio r\u0103spundere sau responsabilitate pentru site-urile web ale unor ter\u021be p\u0103r\u021bi care pot fi accesate prin intermediul acestui site web (inclusiv, dar f\u0103r\u0103 a se limita la link-uri c\u0103tre NHS Improvement\/England \u0219i Shrewsbury \u0219i Telford NHS Trust);<\/li>\n\n\n\n<li>DOL nu \u00ee\u0219i asum\u0103 nicio r\u0103spundere pentru nicio pierdere sau daun\u0103 care ar putea ap\u0103rea din utilizarea de c\u0103tre dumneavoastr\u0103 a oric\u0103rui alt astfel de site web;<\/li>\n\n\n\n<li>DOL nu aprob\u0103 sau aprob\u0103 con\u021binutul unui astfel de site web \u0219i orice link-uri c\u0103tre site-uri web ter\u021be sunt doar cu titlu informativ;<\/li>\n<\/ul>\n\n<h3 class=\"wp-block-heading\">Drepturi de proprietate intelectual\u0103<\/h3>\n\n<ul class=\"wp-block-list\">\n<li>Orice con\u021binut, indiferent dac\u0103 este reprezentat \u00een form\u0103 textual\u0103 sau grafic\u0103, pe care \u00eel copia\u021bi, imprima\u021bi sau desc\u0103rca\u021bi este furnizat de DOL numai pentru uz personal;<\/li>\n\n\n\n<li>&#8222;Donna Ockenden&#8221; \u0219i logo-ul DOL sunt m\u0103rci comerciale ale DOL; \u0219i<\/li>\n\n\n\n<li>Toate m\u0103rcile comerciale utilizate sau la care se face referire pe acest site sunt proprietatea proprietarilor respectivi.  <\/li>\n<\/ul>\n","protected":false},"excerpt":{"rendered":"<p>Aviz juridic Bine a\u021bi venit pe site-ul dedicat recenziilor independente ale serviciilor de maternitate at\u00e2t la spitalele universitare din Nottingham, c\u00e2t \u0219i la Shrewsbury \u0219i Telford Hospital NHS Trust. Acest site web este de\u021binut \u0219i \u00eentre\u021binut de Donna Ockenden Limited (&#8222;DOL&#8221;), cu sediul social: 3 Lion Street, Chichester, West Sussex, Regatul Unit, PO19 1LW. Prin &hellip; <a href=\"https:\/\/www.ockendenmaternityreview.org.uk\/ro\/legal\/\">Continued<\/a><\/p>\n","protected":false},"author":1,"featured_media":0,"parent":0,"menu_order":0,"comment_status":"closed","ping_status":"closed","template":"page-narrow.blade.php","meta":{"_acf_changed":false,"footnotes":""},"class_list":["post-12156","page","type-page","status-publish","hentry"],"acf":[],"yoast_head":"<!-- This site is optimized with the Yoast SEO plugin v27.2 - https:\/\/yoast.com\/product\/yoast-seo-wordpress\/ -->\n<title>Legal - Ockenden Review<\/title>\n<meta name=\"robots\" content=\"index, follow, max-snippet:-1, max-image-preview:large, max-video-preview:-1\" \/>\n<link rel=\"canonical\" href=\"https:\/\/www.ockendenmaternityreview.org.uk\/legal\/\" \/>\n<meta property=\"og:locale\" content=\"ro_RO\" \/>\n<meta property=\"og:type\" content=\"article\" \/>\n<meta property=\"og:title\" content=\"Legal - Ockenden Review\" \/>\n<meta property=\"og:description\" content=\"Aviz juridic Bine a\u021bi venit pe site-ul dedicat recenziilor independente ale serviciilor de maternitate at\u00e2t la spitalele universitare din Nottingham, c\u00e2t \u0219i la Shrewsbury \u0219i Telford Hospital NHS Trust. Acest site web este de\u021binut \u0219i \u00eentre\u021binut de Donna Ockenden Limited (&#8222;DOL&#8221;), cu sediul social: 3 Lion Street, Chichester, West Sussex, Regatul Unit, PO19 1LW. Prin &hellip; Continued\" \/>\n<meta property=\"og:url\" content=\"https:\/\/www.ockendenmaternityreview.org.uk\/legal\/\" \/>\n<meta property=\"og:site_name\" content=\"Ockenden Review\" \/>\n<meta property=\"article:publisher\" content=\"https:\/\/www.facebook.com\/ockendenmaternityreview?mibextid=wwXIfr\" \/>\n<meta property=\"article:modified_time\" content=\"2026-03-24T14:26:51+00:00\" \/>\n<meta name=\"twitter:card\" content=\"summary_large_image\" \/>\n<meta name=\"twitter:site\" content=\"@ockreview\" \/>\n<meta name=\"twitter:label1\" content=\"Timp estimat pentru citire\" \/>\n\t<meta name=\"twitter:data1\" content=\"4 minute\" \/>\n<script type=\"application\/ld+json\" class=\"yoast-schema-graph\">{\"@context\":\"https:\/\/schema.org\",\"@graph\":[{\"@type\":\"WebPage\",\"@id\":\"https:\/\/www.ockendenmaternityreview.org.uk\/legal\/\",\"url\":\"https:\/\/www.ockendenmaternityreview.org.uk\/legal\/\",\"name\":\"Legal - Ockenden Review\",\"isPartOf\":{\"@id\":\"https:\/\/www.ockendenmaternityreview.org.uk\/ar\/#website\"},\"datePublished\":\"2026-03-13T13:54:28+00:00\",\"dateModified\":\"2026-03-24T14:26:51+00:00\",\"breadcrumb\":{\"@id\":\"https:\/\/www.ockendenmaternityreview.org.uk\/legal\/#breadcrumb\"},\"inLanguage\":\"ro-RO\",\"potentialAction\":[{\"@type\":\"ReadAction\",\"target\":[\"https:\/\/www.ockendenmaternityreview.org.uk\/legal\/\"]}]},{\"@type\":\"BreadcrumbList\",\"@id\":\"https:\/\/www.ockendenmaternityreview.org.uk\/legal\/#breadcrumb\",\"itemListElement\":[{\"@type\":\"ListItem\",\"position\":1,\"name\":\"Home\",\"item\":\"https:\/\/www.ockendenmaternityreview.org.uk\/ro\/\"},{\"@type\":\"ListItem\",\"position\":2,\"name\":\"Legal\"}]},{\"@type\":\"WebSite\",\"@id\":\"https:\/\/www.ockendenmaternityreview.org.uk\/ar\/#website\",\"url\":\"https:\/\/www.ockendenmaternityreview.org.uk\/ar\/\",\"name\":\"Ockenden Review\",\"description\":\"\",\"potentialAction\":[{\"@type\":\"SearchAction\",\"target\":{\"@type\":\"EntryPoint\",\"urlTemplate\":\"https:\/\/www.ockendenmaternityreview.org.uk\/ar\/?s={search_term_string}\"},\"query-input\":{\"@type\":\"PropertyValueSpecification\",\"valueRequired\":true,\"valueName\":\"search_term_string\"}}],\"inLanguage\":\"ro-RO\"}]}<\/script>\n<!-- \/ Yoast SEO plugin. -->","yoast_head_json":{"title":"Legal - Ockenden Review","robots":{"index":"index","follow":"follow","max-snippet":"max-snippet:-1","max-image-preview":"max-image-preview:large","max-video-preview":"max-video-preview:-1"},"canonical":"https:\/\/www.ockendenmaternityreview.org.uk\/legal\/","og_locale":"ro_RO","og_type":"article","og_title":"Legal - Ockenden Review","og_description":"Aviz juridic Bine a\u021bi venit pe site-ul dedicat recenziilor independente ale serviciilor de maternitate at\u00e2t la spitalele universitare din Nottingham, c\u00e2t \u0219i la Shrewsbury \u0219i Telford Hospital NHS Trust. Acest site web este de\u021binut \u0219i \u00eentre\u021binut de Donna Ockenden Limited (&#8222;DOL&#8221;), cu sediul social: 3 Lion Street, Chichester, West Sussex, Regatul Unit, PO19 1LW. Prin &hellip; Continued","og_url":"https:\/\/www.ockendenmaternityreview.org.uk\/legal\/","og_site_name":"Ockenden Review","article_publisher":"https:\/\/www.facebook.com\/ockendenmaternityreview?mibextid=wwXIfr","article_modified_time":"2026-03-24T14:26:51+00:00","twitter_card":"summary_large_image","twitter_site":"@ockreview","twitter_misc":{"Timp estimat pentru citire":"4 minute"},"schema":{"@context":"https:\/\/schema.org","@graph":[{"@type":"WebPage","@id":"https:\/\/www.ockendenmaternityreview.org.uk\/legal\/","url":"https:\/\/www.ockendenmaternityreview.org.uk\/legal\/","name":"Legal - Ockenden Review","isPartOf":{"@id":"https:\/\/www.ockendenmaternityreview.org.uk\/ar\/#website"},"datePublished":"2026-03-13T13:54:28+00:00","dateModified":"2026-03-24T14:26:51+00:00","breadcrumb":{"@id":"https:\/\/www.ockendenmaternityreview.org.uk\/legal\/#breadcrumb"},"inLanguage":"ro-RO","potentialAction":[{"@type":"ReadAction","target":["https:\/\/www.ockendenmaternityreview.org.uk\/legal\/"]}]},{"@type":"BreadcrumbList","@id":"https:\/\/www.ockendenmaternityreview.org.uk\/legal\/#breadcrumb","itemListElement":[{"@type":"ListItem","position":1,"name":"Home","item":"https:\/\/www.ockendenmaternityreview.org.uk\/ro\/"},{"@type":"ListItem","position":2,"name":"Legal"}]},{"@type":"WebSite","@id":"https:\/\/www.ockendenmaternityreview.org.uk\/ar\/#website","url":"https:\/\/www.ockendenmaternityreview.org.uk\/ar\/","name":"Ockenden Review","description":"","potentialAction":[{"@type":"SearchAction","target":{"@type":"EntryPoint","urlTemplate":"https:\/\/www.ockendenmaternityreview.org.uk\/ar\/?s={search_term_string}"},"query-input":{"@type":"PropertyValueSpecification","valueRequired":true,"valueName":"search_term_string"}}],"inLanguage":"ro-RO"}]}},"_links":{"self":[{"href":"https:\/\/www.ockendenmaternityreview.org.uk\/ro\/wp-json\/wp\/v2\/pages\/12156","targetHints":{"allow":["GET"]}}],"collection":[{"href":"https:\/\/www.ockendenmaternityreview.org.uk\/ro\/wp-json\/wp\/v2\/pages"}],"about":[{"href":"https:\/\/www.ockendenmaternityreview.org.uk\/ro\/wp-json\/wp\/v2\/types\/page"}],"author":[{"embeddable":true,"href":"https:\/\/www.ockendenmaternityreview.org.uk\/ro\/wp-json\/wp\/v2\/users\/1"}],"replies":[{"embeddable":true,"href":"https:\/\/www.ockendenmaternityreview.org.uk\/ro\/wp-json\/wp\/v2\/comments?post=12156"}],"version-history":[{"count":0,"href":"https:\/\/www.ockendenmaternityreview.org.uk\/ro\/wp-json\/wp\/v2\/pages\/12156\/revisions"}],"wp:attachment":[{"href":"https:\/\/www.ockendenmaternityreview.org.uk\/ro\/wp-json\/wp\/v2\/media?parent=12156"}],"curies":[{"name":"wp","href":"https:\/\/api.w.org\/{rel}","templated":true}]}}