{"id":12179,"date":"2026-01-08T16:38:13","date_gmt":"2026-01-08T16:38:13","guid":{"rendered":"https:\/\/ockendenmatdev.wpenginepowered.com\/serviciul-de-asistenta-psihologica-familiala\/"},"modified":"2026-03-24T14:27:21","modified_gmt":"2026-03-24T14:27:21","slug":"serviciul-de-asistenta-psihologica-familiala","status":"publish","type":"page","link":"https:\/\/www.ockendenmaternityreview.org.uk\/ro\/serviciul-de-asistenta-psihologica-familiala\/","title":{"rendered":"Serviciul de asisten\u021b\u0103 psihologic\u0103 familial\u0103"},"content":{"rendered":"\n<div style=\"height:40px\" aria-hidden=\"true\" class=\"wp-block-spacer\"><\/div>\n\n<p>Serviciul de sprijin psihologic familial este un serviciu specializat destinat exclusiv familiilor implicate \u00een revizuirea maternit\u0103\u021bii. Acesta ofer\u0103 un pachet de sprijin personalizat pentru orice persoan\u0103 din familia dumneavoastr\u0103 afectat\u0103 de experien\u021ba na\u0219terii, indiferent de rezultat. Serviciul poate primi \u0219i copii. Serviciul are un timp de a\u0219teptare foarte scurt \u0219i tratamentul dumneavoastr\u0103 nu va fi limitat \u00een timp. Pute\u021bi lua leg\u0103tura direct la 0115 2001000 sau la <a href=\"mailto:enquiries@fpssnottingham.co.uk\">enquiries@fpssnottingham.co.uk.<\/a> Exist\u0103, de asemenea, un site web pentru informa\u021bii suplimentare la <a href=\"http:\/\/www.fpssnottingham.co.uk\">www.fpssnottingham.co.uk<\/a> <\/p>\n\n<div style=\"height:40px\" aria-hidden=\"true\" class=\"wp-block-spacer\"><\/div>\n\n<figure class=\"wp-block-embed is-type-video is-provider-youtube wp-block-embed-youtube wp-embed-aspect-16-9 wp-has-aspect-ratio\"><div class=\"wp-block-embed__wrapper\">\n<iframe loading=\"lazy\" title=\"Family Psychological Support Service - Kurdish (English)\" width=\"500\" height=\"281\" src=\"https:\/\/www.youtube.com\/embed\/kKA-yRXmDE4?feature=oembed\" frameborder=\"0\" allow=\"accelerometer; autoplay; clipboard-write; encrypted-media; gyroscope; picture-in-picture; web-share\" referrerpolicy=\"strict-origin-when-cross-origin\" allowfullscreen><\/iframe>\n<\/div><\/figure>\n\n<div style=\"height:60px\" aria-hidden=\"true\" class=\"wp-block-spacer\"><\/div>\n\n<h2 class=\"wp-block-heading\"><strong>FPSS<\/strong><\/h2>\n\n<p>Serviciul de sprijin psihologic familial (FPSS) a fost \u00eens\u0103rcinat s\u0103 ofere sprijin psihologic specializat \u0219i centrat pe persoan\u0103 pentru familiile care fac parte din Revizuirea independent\u0103 a maternit\u0103\u021bii \u00een cazurile de \u00eengrijorare poten\u021bial grav\u0103 la Nottingham University Hospitals NHS Trust.<\/p>\n\n<h2 class=\"wp-block-heading\"><strong>Care sunt obiectivele serviciului?<\/strong><\/h2>\n\n<p>S\u0103 ofere sprijin psihologic specializat \u0219i centrat pe persoan\u0103 pentru familiile care fac parte din Revizuirea independent\u0103 a maternit\u0103\u021bii \u00een cazurile de \u00eengrijorare poten\u021bial grav\u0103 la Nottingham University Hospitals NHS Trust.<\/p>\n\n<h2 class=\"wp-block-heading\"><strong>Cine furnizeaz\u0103 serviciul?<\/strong><\/h2>\n\n<p>O echip\u0103 dedicat\u0103 de terapeu\u021bi psihologici cu experien\u021b\u0103 specializat\u0103 \u00een lucrul cu familiile ale c\u0103ror vie\u021bi au fost afectate de suferin\u021ba \u0219i trauma experien\u021belor lor de maternitate. Serviciul este oferit de Compania de Management al Afec\u021biunilor \u0219i se nume\u0219te Serviciul de Asisten\u021b\u0103 Psihologic\u0103 a Familiei (FPSS).   <\/p>\n\n<h2 class=\"wp-block-heading\"><strong>Cine poate accesa serviciul?<\/strong><\/h2>\n\n<p>Serviciul este destinat tuturor familiilor care fac parte din Independent Maternity Review de la Nottingham University Hospitals NHS Trust.<\/p>\n\n<p>Oricine din familie poate accesa serviciul, inclusiv p\u0103rin\u021bii \u0219i \u00eengrijitorii, copiii care fac obiectul revizuirii, fra\u021bii (inclusiv cei sub 18 ani) \u0219i al\u021bi membri ai familiei, cum ar fi bunicii.<\/p>\n\n<h2 class=\"wp-block-heading\"><strong>Cum pot accesa serviciul?<\/strong><\/h2>\n\n<p>Recomand\u0103rile pot fi f\u0103cute prin intermediul profesioni\u0219tilor sau auto-recomand\u0103rii sun\u00e2nd la 0115 200 1000 sau prin e-mail la <a href=\"mailto:enquiries@fpssnottingham.co.uk\">enquiries@fpssnottingham.co.uk<\/a>. Serviciul accept\u0103, de asemenea, recomand\u0103ri directe din partea echipei independente de revizuire a maternit\u0103\u021bii, condus\u0103 de Donna Ockenden. Site-ul web al serviciului pentru mai multe informa\u021bii este <a href=\"http:\/\/www.fpssnottingham.co.uk\/\">www.fpssnottingham.co.uk.<\/a> G\u0103si\u021bi clinica noastr\u0103 \u00een Carrington, Nottingham:   <\/p>\n\n<div style=\"overflow:hidden;max-width:100%;width:100%;height:300px;margin-bottom:20px;\"><div id=\"g-mapdisplay\" style=\"height:100%; width:100%;max-width:100%;\"><iframe style=\"height:100%;width:100%;border:0;\" frameborder=\"0\" src=\"https:\/\/www.google.com\/maps\/embed\/v1\/place?q=Anderson+House,+Clinton+Avenue,+Nottingham+NG5+1AW,+UK&#038;key=AIzaSyBFw0Qbyq9zTFTd-tUY6dZWTgaQzuU17R8\"><\/iframe><\/div><style>#g-mapdisplay img.text-marker{max-width:none!important;background:none!important;}img{max-width:none}<\/style><\/div>\n\n<p><em>Parcare gratuit\u0103, Acces la nivelul solului<\/em><\/p>\n\n<h2 class=\"wp-block-heading\"><strong>Ce ofer\u0103 serviciul?<\/strong><\/h2>\n\n<p>Atunci c\u00e2nd serviciul prime\u0219te o recomandare de la sau pentru o persoan\u0103 \u0219i \/ sau familie, este aranjat\u0103 o sesiune ini\u021bial\u0103 pentru persoana \u0219i \/ sau membrul (membrii) familiei. Sesiunea va dura aproximativ o or\u0103 \u0219i va fi de obicei cu un Wellbeing Navigator. Se sper\u0103 c\u0103 aceast\u0103 sesiune ini\u021bial\u0103 va fi o \u0219ans\u0103 pentru persoan\u0103 \u0219i \/ sau membru \/ membri ai familiei s\u0103 spun\u0103 povestea prin care au trecut \u00eentr-un context sigur \u0219i de sus\u021binere. Navigatorul de bun\u0103stare va solicita s\u0103 afle ce ar dori persoana \u0219i \/ sau familia \u00een ceea ce prive\u0219te informa\u021biile despre serviciu \u0219i modul \u00een care acesta poate sprijini persoana \u0219i \/ sau membrii familiei, de exemplu prin furnizarea de informa\u021bii despre o serie de terapii diferite disponibile. Acest lucru va permite persoanei \u0219i \/ sau membrilor familiei s\u0103 \u00een\u021beleag\u0103 alegerile disponibile pentru ei. Navigatorul de bun\u0103stare va \u00eentreba persoana \u0219i \/ sau membrii familiei dac\u0103 exist\u0103 domenii ini\u021biale de concentrare cu care ar dori sprijin.     <\/p>\n\n<p>Navigatorul de bun\u0103stare va \u00eemp\u0103rt\u0103\u0219i informa\u021biile pe care persoana \u0219i \/ sau familia le-au \u00eemp\u0103rt\u0103\u0219it cu privire la zonele de interes cu echipa multidisciplinar\u0103 clinic\u0103. Echipa multidisciplinar\u0103 clinic\u0103 va revizui aceste informa\u021bii \u0219i informa\u021biile de trimitere \u0219i va determina clinicianul s\u0103 efectueze o evaluare ini\u021bial\u0103 cu persoana \u0219i \/ sau membrul (membrii) familiei. La aceast\u0103 evaluare, persoanei \u0219i \/ sau familiei i se va oferi o alegere semnificativ\u0103 cu privire la modul \u00een care va avea loc tratamentul lor.  <\/p>\n\n<p>Serviciul este conceput pentru a fi flexibil, iar familiile vor avea posibilitatea de a alege dac\u0103 sesiunea lor are loc fa\u021b\u0103 \u00een fa\u021b\u0103, online sau prin telefon. Serviciul poate oferi vizite la domiciliu acolo unde este necesar. Serviciul are o clinic\u0103 situat\u0103 pe Clinton Avenue din Carrington, aproape de leg\u0103turile de transport public, cu parcare dedicat\u0103 gratuit\u0103 \u0219i acces la nivelul solului.    <\/p>\n\n<h2 class=\"wp-block-heading\"><strong>Serviciile sunt disponibile \u0219i \u00een alte limbi dec\u00e2t engleza?<\/strong><\/h2>\n\n<p>Serviciul poate aranja un interpret pentru a v\u0103 sprijini \u00een sesiunile dumneavoastr\u0103 pentru sesiuni fa\u021b\u0103 \u00een fa\u021b\u0103, la distan\u021b\u0103 sau vizite la domiciliu. V\u0103 putem aranja s\u0103 ave\u021bi acela\u0219i interpret pe tot parcursul \u00eengrijirii dvs. \u0219i vom urm\u0103ri s\u0103 instruim anumi\u021bi interpre\u021bi dac\u0103 ave\u021bi pe cineva cu care v\u0103 sim\u021bi\u021bi cel mai confortabil. Informa\u021bii \u00een diferite limbi sunt disponibile pe site-ul nostru la <a href=\"http:\/\/www.fpssnottingham.co.uk\/languages\">www.fpssnottingham.co.uk\/languages<\/a>   <\/p>\n\n<h2 class=\"wp-block-heading\"><strong>Pot accesa asisten\u021b\u0103 suplimentar\u0103 pentru a-mi satisface nevoile?<\/strong><\/h2>\n\n<p>FPSS lucreaz\u0103 \u00een parteneriat cu <a href=\"https:\/\/www.ockendenmaternityreview.org.uk\/support-for-families\/regional-services-nottingham\/\">Zephyr&#8217;s<\/a> pentru a oferi sesiuni de sprijin reciproc, unde familiile se pot \u00eent\u00e2lni pentru sprijin reciproc.  <\/p>\n\n<p>Nu se recomand\u0103 implicarea \u00een interven\u021bii terapeutice cu servicii diferite \u00een acela\u0219i timp, cu excep\u021bia cazului \u00een care se abordeaz\u0103 dificult\u0103\u021bi distincte sau diferite. Motivele pentru aceasta sunt c\u0103 dou\u0103 terapii pot intra \u00een conflict una cu cealalt\u0103, precum \u0219i poten\u021biala cerere suplimentar\u0103 pe care acest lucru ar putea s\u0103 o pun\u0103 asupra individului supus tratamentului. Uneori, acest lucru ar putea duce la cre\u0219terea stresului sau la rezultate slabe.    <\/p>\n\n<p>Serviciul de asisten\u021b\u0103 psihologic\u0103 pentru familie v\u0103 poate sprijini, de asemenea, cu probleme mai largi care pot fi \u00een afara experien\u021bei dvs. de maternitate, de exemplu cu datorii, locuin\u021be sau probleme de angajare.<\/p>\n\n<h2 class=\"wp-block-heading\"><strong>Feedback<\/strong><\/h2>\n\n<p>Vrem s\u0103 \u00een\u021belegem modul \u00een care familiile experimenteaz\u0103 sprijinul oferit de Serviciul de Asisten\u021b\u0103 Psihologic\u0103 a Familiei. Ca parte a \u00eengrijirii dvs., vi se vor pune c\u00e2teva \u00eentreb\u0103ri \u00een timpul \u0219i dup\u0103 utilizarea serviciului dac\u0103 serviciul v-a \u00eendeplinit nevoile. Acest feedback ne va ajuta s\u0103 \u00eembun\u0103t\u0103\u021bim continuu serviciile pe care le oferim familiilor.  <\/p>\n\n<h2 class=\"wp-block-heading\">Media<\/h2>\n\n<p><a href=\"https:\/\/www.bbc.co.uk\/news\/uk-england-nottinghamshire-68893599\" target=\"_blank\" rel=\"noreferrer noopener nofollow\">https:\/\/www.bbc.co.uk\/news\/uk-england-nottinghamshire-68893599<\/a><\/p>\n\n<p><a href=\"https:\/\/twitter.com\/FPSSNottingham\" target=\"_blank\" rel=\"noreferrer noopener nofollow\">@FPSSNottingham<\/a><\/p>\n","protected":false},"excerpt":{"rendered":"<p>Serviciul de sprijin psihologic familial este un serviciu specializat destinat exclusiv familiilor implicate \u00een revizuirea maternit\u0103\u021bii. Acesta ofer\u0103 un pachet de sprijin personalizat pentru orice persoan\u0103 din familia dumneavoastr\u0103 afectat\u0103 de experien\u021ba na\u0219terii, indiferent de rezultat. Serviciul poate primi \u0219i copii. Serviciul are un timp de a\u0219teptare foarte scurt \u0219i tratamentul dumneavoastr\u0103 nu va fi &hellip; <a href=\"https:\/\/www.ockendenmaternityreview.org.uk\/ro\/serviciul-de-asistenta-psihologica-familiala\/\">Continued<\/a><\/p>\n","protected":false},"author":1,"featured_media":0,"parent":0,"menu_order":0,"comment_status":"closed","ping_status":"closed","template":"page-narrow.blade.php","meta":{"_acf_changed":false,"footnotes":""},"class_list":["post-12179","page","type-page","status-publish","hentry"],"acf":[],"yoast_head":"<!-- This site is optimized with the Yoast SEO plugin v27.2 - https:\/\/yoast.com\/product\/yoast-seo-wordpress\/ -->\n<title>Serviciul de asisten\u021b\u0103 psihologic\u0103 familial\u0103 - Ockenden Review<\/title>\n<meta name=\"robots\" content=\"index, follow, max-snippet:-1, max-image-preview:large, max-video-preview:-1\" \/>\n<link rel=\"canonical\" href=\"http:\/\/www.ockendenmaternityreview.org.uk\/ro\/serviciul-de-asistenta-psihologica-familiala\/\" \/>\n<meta property=\"og:locale\" content=\"ro_RO\" \/>\n<meta property=\"og:type\" content=\"article\" \/>\n<meta property=\"og:title\" content=\"Serviciul de asisten\u021b\u0103 psihologic\u0103 familial\u0103 - Ockenden Review\" \/>\n<meta property=\"og:description\" content=\"Serviciul de sprijin psihologic familial este un serviciu specializat destinat exclusiv familiilor implicate \u00een revizuirea maternit\u0103\u021bii. Acesta ofer\u0103 un pachet de sprijin personalizat pentru orice persoan\u0103 din familia dumneavoastr\u0103 afectat\u0103 de experien\u021ba na\u0219terii, indiferent de rezultat. Serviciul poate primi \u0219i copii. Serviciul are un timp de a\u0219teptare foarte scurt \u0219i tratamentul dumneavoastr\u0103 nu va fi &hellip; Continued\" \/>\n<meta property=\"og:url\" content=\"http:\/\/www.ockendenmaternityreview.org.uk\/ro\/serviciul-de-asistenta-psihologica-familiala\/\" \/>\n<meta property=\"og:site_name\" content=\"Ockenden Review\" \/>\n<meta property=\"article:publisher\" content=\"https:\/\/www.facebook.com\/ockendenmaternityreview?mibextid=wwXIfr\" \/>\n<meta property=\"article:modified_time\" content=\"2026-03-24T14:27:21+00:00\" \/>\n<meta name=\"twitter:card\" content=\"summary_large_image\" \/>\n<meta name=\"twitter:site\" content=\"@ockreview\" \/>\n<meta name=\"twitter:label1\" content=\"Timp estimat pentru citire\" \/>\n\t<meta name=\"twitter:data1\" content=\"5 minute\" \/>\n<script type=\"application\/ld+json\" class=\"yoast-schema-graph\">{\"@context\":\"https:\/\/schema.org\",\"@graph\":[{\"@type\":\"WebPage\",\"@id\":\"http:\/\/www.ockendenmaternityreview.org.uk\/ro\/serviciul-de-asistenta-psihologica-familiala\/\",\"url\":\"http:\/\/www.ockendenmaternityreview.org.uk\/ro\/serviciul-de-asistenta-psihologica-familiala\/\",\"name\":\"Serviciul de asisten\u021b\u0103 psihologic\u0103 familial\u0103 - Ockenden Review\",\"isPartOf\":{\"@id\":\"https:\/\/www.ockendenmaternityreview.org.uk\/fa\/#website\"},\"datePublished\":\"2026-01-08T16:38:13+00:00\",\"dateModified\":\"2026-03-24T14:27:21+00:00\",\"breadcrumb\":{\"@id\":\"http:\/\/www.ockendenmaternityreview.org.uk\/ro\/serviciul-de-asistenta-psihologica-familiala\/#breadcrumb\"},\"inLanguage\":\"ro-RO\",\"potentialAction\":[{\"@type\":\"ReadAction\",\"target\":[\"http:\/\/www.ockendenmaternityreview.org.uk\/ro\/serviciul-de-asistenta-psihologica-familiala\/\"]}]},{\"@type\":\"BreadcrumbList\",\"@id\":\"http:\/\/www.ockendenmaternityreview.org.uk\/ro\/serviciul-de-asistenta-psihologica-familiala\/#breadcrumb\",\"itemListElement\":[{\"@type\":\"ListItem\",\"position\":1,\"name\":\"Home\",\"item\":\"https:\/\/www.ockendenmaternityreview.org.uk\/ro\/\"},{\"@type\":\"ListItem\",\"position\":2,\"name\":\"Serviciul de asisten\u021b\u0103 psihologic\u0103 familial\u0103\"}]},{\"@type\":\"WebSite\",\"@id\":\"https:\/\/www.ockendenmaternityreview.org.uk\/fa\/#website\",\"url\":\"https:\/\/www.ockendenmaternityreview.org.uk\/fa\/\",\"name\":\"Ockenden Review\",\"description\":\"\",\"potentialAction\":[{\"@type\":\"SearchAction\",\"target\":{\"@type\":\"EntryPoint\",\"urlTemplate\":\"https:\/\/www.ockendenmaternityreview.org.uk\/fa\/?s={search_term_string}\"},\"query-input\":{\"@type\":\"PropertyValueSpecification\",\"valueRequired\":true,\"valueName\":\"search_term_string\"}}],\"inLanguage\":\"ro-RO\"}]}<\/script>\n<!-- \/ Yoast SEO plugin. -->","yoast_head_json":{"title":"Serviciul de asisten\u021b\u0103 psihologic\u0103 familial\u0103 - Ockenden Review","robots":{"index":"index","follow":"follow","max-snippet":"max-snippet:-1","max-image-preview":"max-image-preview:large","max-video-preview":"max-video-preview:-1"},"canonical":"http:\/\/www.ockendenmaternityreview.org.uk\/ro\/serviciul-de-asistenta-psihologica-familiala\/","og_locale":"ro_RO","og_type":"article","og_title":"Serviciul de asisten\u021b\u0103 psihologic\u0103 familial\u0103 - Ockenden Review","og_description":"Serviciul de sprijin psihologic familial este un serviciu specializat destinat exclusiv familiilor implicate \u00een revizuirea maternit\u0103\u021bii. Acesta ofer\u0103 un pachet de sprijin personalizat pentru orice persoan\u0103 din familia dumneavoastr\u0103 afectat\u0103 de experien\u021ba na\u0219terii, indiferent de rezultat. Serviciul poate primi \u0219i copii. Serviciul are un timp de a\u0219teptare foarte scurt \u0219i tratamentul dumneavoastr\u0103 nu va fi &hellip; Continued","og_url":"http:\/\/www.ockendenmaternityreview.org.uk\/ro\/serviciul-de-asistenta-psihologica-familiala\/","og_site_name":"Ockenden Review","article_publisher":"https:\/\/www.facebook.com\/ockendenmaternityreview?mibextid=wwXIfr","article_modified_time":"2026-03-24T14:27:21+00:00","twitter_card":"summary_large_image","twitter_site":"@ockreview","twitter_misc":{"Timp estimat pentru citire":"5 minute"},"schema":{"@context":"https:\/\/schema.org","@graph":[{"@type":"WebPage","@id":"http:\/\/www.ockendenmaternityreview.org.uk\/ro\/serviciul-de-asistenta-psihologica-familiala\/","url":"http:\/\/www.ockendenmaternityreview.org.uk\/ro\/serviciul-de-asistenta-psihologica-familiala\/","name":"Serviciul de asisten\u021b\u0103 psihologic\u0103 familial\u0103 - Ockenden Review","isPartOf":{"@id":"https:\/\/www.ockendenmaternityreview.org.uk\/fa\/#website"},"datePublished":"2026-01-08T16:38:13+00:00","dateModified":"2026-03-24T14:27:21+00:00","breadcrumb":{"@id":"http:\/\/www.ockendenmaternityreview.org.uk\/ro\/serviciul-de-asistenta-psihologica-familiala\/#breadcrumb"},"inLanguage":"ro-RO","potentialAction":[{"@type":"ReadAction","target":["http:\/\/www.ockendenmaternityreview.org.uk\/ro\/serviciul-de-asistenta-psihologica-familiala\/"]}]},{"@type":"BreadcrumbList","@id":"http:\/\/www.ockendenmaternityreview.org.uk\/ro\/serviciul-de-asistenta-psihologica-familiala\/#breadcrumb","itemListElement":[{"@type":"ListItem","position":1,"name":"Home","item":"https:\/\/www.ockendenmaternityreview.org.uk\/ro\/"},{"@type":"ListItem","position":2,"name":"Serviciul de asisten\u021b\u0103 psihologic\u0103 familial\u0103"}]},{"@type":"WebSite","@id":"https:\/\/www.ockendenmaternityreview.org.uk\/fa\/#website","url":"https:\/\/www.ockendenmaternityreview.org.uk\/fa\/","name":"Ockenden Review","description":"","potentialAction":[{"@type":"SearchAction","target":{"@type":"EntryPoint","urlTemplate":"https:\/\/www.ockendenmaternityreview.org.uk\/fa\/?s={search_term_string}"},"query-input":{"@type":"PropertyValueSpecification","valueRequired":true,"valueName":"search_term_string"}}],"inLanguage":"ro-RO"}]}},"_links":{"self":[{"href":"https:\/\/www.ockendenmaternityreview.org.uk\/ro\/wp-json\/wp\/v2\/pages\/12179","targetHints":{"allow":["GET"]}}],"collection":[{"href":"https:\/\/www.ockendenmaternityreview.org.uk\/ro\/wp-json\/wp\/v2\/pages"}],"about":[{"href":"https:\/\/www.ockendenmaternityreview.org.uk\/ro\/wp-json\/wp\/v2\/types\/page"}],"author":[{"embeddable":true,"href":"https:\/\/www.ockendenmaternityreview.org.uk\/ro\/wp-json\/wp\/v2\/users\/1"}],"replies":[{"embeddable":true,"href":"https:\/\/www.ockendenmaternityreview.org.uk\/ro\/wp-json\/wp\/v2\/comments?post=12179"}],"version-history":[{"count":0,"href":"https:\/\/www.ockendenmaternityreview.org.uk\/ro\/wp-json\/wp\/v2\/pages\/12179\/revisions"}],"wp:attachment":[{"href":"https:\/\/www.ockendenmaternityreview.org.uk\/ro\/wp-json\/wp\/v2\/media?parent=12179"}],"curies":[{"name":"wp","href":"https:\/\/api.w.org\/{rel}","templated":true}]}}