{"id":12198,"date":"2026-03-13T13:53:57","date_gmt":"2026-03-13T13:53:57","guid":{"rendered":"https:\/\/ockendenmatdev.wpenginepowered.com\/politica-privind-cookie-urile\/"},"modified":"2026-03-24T14:27:36","modified_gmt":"2026-03-24T14:27:36","slug":"politica-privind-cookie-urile","status":"publish","type":"page","link":"https:\/\/www.ockendenmaternityreview.org.uk\/ro\/politica-privind-cookie-urile\/","title":{"rendered":"Politica privind cookie-urile"},"content":{"rendered":"\n<h3 class=\"wp-block-heading\">Ce sunt cookie-urile?<\/h3>\n\n<p>La fel ca majoritatea site-urilor web, folosim cookie-uri pe site-ul nostru web (<a href=\"https:\/\/www.ockendenmaternityreview.org.uk\/\">https:\/\/www.ockendenmaternityreview.org.uk\/<\/a>) (&#8222;Site-ul web&#8221;), care, printre altele, ne ajut\u0103 s\u0103 \u00eembun\u0103t\u0103\u021bim experien\u021ba dvs. pe <strong>site-ul nostru web<\/strong> \u0219i s\u0103 ne asigur\u0103m c\u0103 func\u021bioneaz\u0103 a\u0219a cum v\u0103 a\u0219tepta\u021bi. Cookie-urile sunt fi\u0219iere de date mici care sunt plasate pe computer sau pe alte dispozitive pe care le pute\u021bi utiliza pentru a naviga pe acest site web. Acestea sunt folosite pentru a re\u021bine c\u00e2nd computerul sau dispozitivul dvs. acceseaz\u0103 site-ul nostru web.    <\/p>\n\n<p>Cookie-urile sunt esen\u021biale pentru func\u021bionarea eficient\u0103 a site-ului nostru web sau pentru livrarea eficient\u0103 a unui serviciu pe care l-a\u021bi solicitat. \u00cen plus, cookie-urile ne permit s\u0103 \u00een\u021belegem cine a v\u0103zut ce pagini, s\u0103 determin\u0103m c\u00e2t de frecvent sunt vizitate anumite pagini \u0219i s\u0103 determin\u0103m cele mai populare zone ale site-ului web. Informa\u021biile non-personale, cum ar fi tipul de browser, sistemul de operare \u0219i numele de domenii, sunt colectate \u00een timpul utiliz\u0103rii site-ului de c\u0103tre vizitatori \u0219i aceste informa\u021bii pot fi utilizate de noi pentru a m\u0103sura num\u0103rul de vizitatori ai site-ului web \u0219i modul \u00een care func\u021bioneaz\u0103 site-ul web.    <\/p>\n\n<p>\u00cen func\u021bie de tipul de cookie-uri pe care le folosim, cookie-urile ne permit, de asemenea, s\u0103 facem site-ul mai u\u0219or de utilizat. Site-ul web poate utiliza, de asemenea, cookie-uri pentru a v\u0103 asigura c\u0103 nu vede\u021bi acela\u0219i con\u021binut \u00een mod repetat \u0219i \/ sau pentru a furniza con\u021binut specific intereselor dvs.   <\/p>\n\n<p>Site-urile web trebuie s\u0103 ob\u021bin\u0103 consim\u021b\u0103m\u00e2ntul pentru a trimite cookie-uri pe computerul sau dispozitivul dvs. mobil, cu excep\u021bia cazului \u00een care cookie-urile sunt esen\u021biale pentru a v\u0103 furniza servicii.<\/p>\n\n<p>Pute\u021bi seta preferin\u021bele cookie-urilor atunci c\u00e2nd ajunge\u021bi pe site-ul nostru web sau le pute\u021bi modifica \u00een orice moment f\u0103c\u00e2nd clic pe linkul &#8222;Setare cookie&#8221; din partea dreapt\u0103 jos a site-ului web.<\/p>\n\n<p>De asemenea, pute\u021bi s\u0103 v\u0103 seta\u021bi preferin\u021bele \u0219i s\u0103 bloca\u021bi anumite tipuri de cookie-uri care nu sunt necesare modific\u00e2nd set\u0103rile browserului dvs. Afla\u021bi cum s\u0103 face\u021bi acest lucru <a href=\"https:\/\/ico.org.uk\/your-data-matters\/online\/cookies\/\">aici<\/a> <\/p>\n\n<p>Cu excep\u021bia cazului \u00een care cookie-ul este un cookie esen\u021bial, v\u0103 pute\u021bi retrage consim\u021b\u0103m\u00e2ntul pentru cookie-urile noastre \u00een orice moment, chiar dac\u0103 a\u021bi consim\u021bit anterior. De\u0219i, v\u0103 rug\u0103m s\u0103 re\u021bine\u021bi c\u0103, dac\u0103 nu sunte\u021bi de acord cu cookie-urile noastre de func\u021bionalitate, este posibil ca anumite p\u0103r\u021bi ale site-ului nostru s\u0103 nu func\u021bioneze. <\/p>\n\n<p>Tabelul de mai jos explic\u0103 ce cookie-uri folosim pe site-ul nostru, de ce le folosim \u0219i dac\u0103 sunt esen\u021biale sau un alt tip de cookie, de ex. cookie-uri &#8222;func\u021bionale&#8221; sau &#8222;analitice&#8221;. De asemenea, preciz\u0103m \u00een tabel dac\u0103 un modul cookie este un modul cookie &#8222;persistent&#8221; sau &#8222;de sesiune&#8221;. Diferen\u021ba este c\u0103:    <\/p>\n\n<ul class=\"wp-block-list\">\n<li>Cookie-urile persistente r\u0103m\u00e2n pe dispozitivul dvs. \u00eentre sesiunile de navigare. Acestea sunt activate de fiecare dat\u0103 c\u00e2nd vizita\u021bi site-ul web care a creat acel cookie. De exemplu, \u00een cazul \u00een care un &#8222;cookie persistent&#8221; este utilizat pe un site web pentru a v\u0103 aminti detaliile de conectare, nu va trebui s\u0103 introduce\u021bi aceste detalii de fiecare dat\u0103 c\u00e2nd vizita\u021bi site-ul respectiv.    <\/li>\n\n\n\n<li>Cookie-urile de sesiune permit operatorilor site-ului web s\u0103 conecteze ac\u021biunile unui utilizator \u00een timpul unei sesiuni de browser. O sesiune de browser \u00eencepe c\u00e2nd deschide\u021bi fereastra browserului \u0219i se termin\u0103 c\u00e2nd \u00eenchide\u021bi fereastra browserului. Cookie-urile de sesiune sunt create temporar. Dup\u0103 ce \u00eenchide\u021bi browserul, toate cookie-urile de sesiune sunt \u0219terse.   <\/li>\n\n\n\n<li>Unele dintre cookie-urile enumerate mai jos sunt cele setate de site-ul nostru web atunci c\u00e2nd vizita\u021bi &#8211; <a href=\"https:\/\/www.ockendenmaternityreview.org.uk\/\">https:\/\/www.ockendenmaternityreview.org.uk\/<\/a>. Cu toate acestea, avem \u0219i cookie-uri pe site-ul nostru, care sunt setate de ter\u021bi. De exemplu, pentru a ne permite s\u0103 red\u0103m videoclipuri YouTube prin intermediul site-ului nostru web, YouTube plaseaz\u0103 cookie-uri pe site-ul nostru web (pentru mai multe informa\u021bii despre modul \u00een care YouTube utilizeaz\u0103 cookie-urile \u0219i ce informa\u021bii colecteaz\u0103, vizita\u021bi <a href=\"https:\/\/policies.google.com\/technologies\/cookies\">https:\/\/policies.google.com\/technologies\/cookies<\/a>.  <\/li>\n<\/ul>\n\n<h3 class=\"wp-block-heading\">Esen\u021bial<\/h3>\n\n<p>Cookie-urile esen\u021biale sunt esen\u021biale pentru a v\u0103 permite s\u0103 primi\u021bi un serviciu pe un site web. De exemplu, cookie-uri pentru a opera co\u0219uri de cump\u0103r\u0103turi online, pentru a v\u0103 face internet banking sau pentru a respecta legea (de exemplu, pentru a v\u0103 p\u0103stra informa\u021biile \u00een siguran\u021b\u0103). Nu am putea opera site-ul nostru f\u0103r\u0103 a utiliza cookie-urile &#8222;esen\u021biale&#8221; enumerate mai jos. Aceste cookie-uri sunt utilizate pentru a v\u0103 direc\u021biona c\u0103tre serverul corect pentru a echilibra \u00eenc\u0103rcarea site-ului web.     <\/p>\n\n<figure class=\"wp-block-table\"><table><tbody><tr><td><strong>Pr\u0103jitur\u0103<\/strong><\/td><td><strong>Domeniu<\/strong><\/td><td><strong><strong>Scop<\/strong><\/strong><\/td><td><strong>Durat\u0103<\/strong><\/td><td><strong>Mai multe informa\u021bii<\/strong><\/td><\/tr><tr><td>wpl_user_preference<\/td><td>ockendenmaternityreview.org.uk<\/td><td>Stocheaz\u0103 preferin\u021bele cookie-urilor<\/td><td>1 s\u0103pt\u0103m\u00e2n\u0103<\/td><td>Folosit pentru a v\u0103 aminti ce cookie-uri a\u021bi permis\/interzis<\/td><\/tr><tr><td>wpl_viewed_cookie<\/td><td>ockendenmaternityreview.org.uk<\/td><td>Stocheaz\u0103 dac\u0103 a\u021bi v\u0103zut notificarea privind cookie-urile<\/td><td>1 s\u0103pt\u0103m\u00e2n\u0103<\/td><td>Folosit pentru a preveni apari\u021bia notific\u0103rii privind cookie-urile la fiecare \u00eenc\u0103rcare a paginii<\/td><\/tr><\/tbody><\/table><\/figure>\n\n<h3 class=\"wp-block-heading\">Func\u021bional<\/h3>\n\n<p>Cookie-urile func\u021bionale permit site-ului web s\u0103-\u0219i aminteasc\u0103 alegerile pe care le face\u021bi \u0219i s\u0103 personalizeze set\u0103rile preferin\u021belor. Acestea permit, de asemenea, func\u021bii \u00eembun\u0103t\u0103\u021bite, mai personale, de exemplu, un site web v\u0103 poate oferi rapoarte meteo locale sau \u0219tiri despre trafic utiliz\u00e2nd un modul cookie pentru a v\u0103 aminti \u00een ce regiune v\u0103 afla\u021bi. Informa\u021biile colectate de cookie-urile &#8222;func\u021bionale&#8221; pot fi sau nu anonimizate, dar nu v\u0103 pot urm\u0103ri activitatea de navigare pe alte site-uri web.    <\/p>\n\n<figure class=\"wp-block-table\"><table><tbody><tr><td><strong>Pr\u0103jitur\u0103<\/strong><\/td><td><strong>Domeniu<\/strong><\/td><td><strong>Scop<\/strong><\/td><td><strong>Durat\u0103<\/strong><\/td><td><strong>Mai multe informa\u021bii<\/strong><\/td><\/tr><tr><td>wp-wpml_current_language<\/td><td>ockendenmaternityreview.org.uk<\/td><td>Stocheaz\u0103 limba curent\u0103 afi\u0219at\u0103 pe site<\/td><td>Sesiune<\/td><td>Ajut\u0103 la traducerea site-ului \u00een mai multe limbi<\/td><\/tr><\/tbody><\/table><\/figure>\n\n<h3 class=\"wp-block-heading\">Analitic  <\/h3>\n\n<p>Cookie-urile analitice colecteaz\u0103 informa\u021bii despre modul \u00een care vizitatorii utilizeaz\u0103 un site web, de exemplu, ce pagini acceseaz\u0103 vizitatorii cel mai des \u0219i dac\u0103 primesc mesaje de eroare de la paginile web. Aceste cookie-uri nu colecteaz\u0103 informa\u021bii care identific\u0103 un vizitator. Orice informa\u021bie colectat\u0103 de aceste cookie-uri este anonim\u0103. Utiliz\u0103m astfel de informa\u021bii numai pentru a \u00eembun\u0103t\u0103\u021bi site-ul nostru web.     <\/p>\n\n<figure class=\"wp-block-table\"><table><tbody><tr><td><strong>Pr\u0103jitur\u0103<\/strong><\/td><td><strong>Domeniu<\/strong><\/td><td><strong>Scop<\/strong><\/td><td><strong>Durat\u0103<\/strong><\/td><\/tr><tr><td>CONSIM\u021a\u0102M\u00c2NT<\/td><td>.youtube.com<\/td><td>Aceste cookie-uri sunt setate prin intermediul videoclipurilor YouTube \u00eencorporate. Acestea \u00eenregistreaz\u0103 date statistice anonime privind, de exemplu, de c\u00e2te ori este afi\u0219at videoclipul \u0219i ce set\u0103ri sunt utilizate pentru redare. Nu sunt colectate date sensibile dec\u00e2t dac\u0103 v\u0103 conecta\u021bi la contul dvs. Google, \u00een acest caz alegerile dvs. sunt legate de contul dvs., de exemplu dac\u0103 face\u021bi clic pe &#8222;\u00cemi place&#8221; pe un videoclip.  <\/td><td>16 ani 4 luni<\/td><\/tr><\/tbody><\/table><\/figure>\n\n<h3 class=\"wp-block-heading\">Direc\u021bionare\/Publicitate  <\/h3>\n\n<figure class=\"wp-block-table\"><table><tbody><tr><td><strong>Pr\u0103jitur\u0103<\/strong><\/td><td><strong>Domeniu<\/strong><\/td><td><strong>Scop<\/strong><\/td><td><strong>Durat\u0103<\/strong><\/td><\/tr><tr><td>YSC<\/td><td>.youtube.com<\/td><td>Acest cookie este setat de YouTube \u0219i este utilizat pentru a urm\u0103ri vizion\u0103rile videoclipurilor \u00eencorporate<\/td><td>Sesiune<\/td><\/tr><tr><td>VISITOR_INFO1_LIVE<\/td><td>.youtube.com<\/td><td>Acest cookie este setat de YouTube. Folosit pentru a urm\u0103ri informa\u021biile videoclipurilor YouTube \u00eencorporate pe un site web <\/td><td>5 luni 27 zile<\/td><\/tr><tr><td>METADATE_PRIVITATE_VIZITATOR<\/td><td>.youtube.com<\/td><td>YouTube seteaz\u0103 acest modul cookie pentru a stoca starea consim\u021b\u0103m\u00e2ntului utilizatorului pentru modul cookie pentru domeniul curent.<\/td><td>6 luni<\/td><\/tr><tr><td>PREF<\/td><td>.youtube.com<\/td><td>Cookie-ul PREF este setat de Youtube pentru a stoca preferin\u021bele utilizatorului, cum ar fi limba, formatul rezultatelor c\u0103ut\u0103rii \u0219i alte personaliz\u0103ri pentru videoclipurile YouTube \u00eencorporate \u00een diferite site-uri<\/td><td>8 luni<\/td><\/tr><tr><td>IDE<\/td><td>.doubleclick.net<\/td><td>Utilizat de Google DoubleClick \u0219i stocheaz\u0103 informa\u021bii despre modul \u00een care utilizatorul utilizeaz\u0103 site-ul web \u0219i orice alt\u0103 reclam\u0103 \u00eenainte de a vizita site-ul web. Acest lucru este folosit pentru a prezenta utilizatorilor anun\u021buri relevante pentru ei \u00een func\u021bie de profilul utilizatorului. <\/td><td>1 an 24 zile<\/td><\/tr><tr><td>ytidb::LAST_RESULT_ENTRY_KEY<\/td><td>YouTube.com<\/td><td>Cookie-ul ytidb::LAST_RESULT_ENTRY_KEY este utilizat de YouTube pentru a stoca ultima intrare a rezultatului c\u0103ut\u0103rii pe care a f\u0103cut clic utilizatorul. Aceast\u0103 informa\u021bie este utilizat\u0103 pentru a \u00eembun\u0103t\u0103\u021bi experien\u021ba utilizatorului prin furnizarea unor rezultate de c\u0103utare mai relevante \u00een viitor. <\/td><td>Niciodat\u0103<\/td><\/tr><tr><td>yt.innertube::cereri<\/td><td>youtube.com<\/td><td>YouTube seteaz\u0103 acest modul cookie pentru a \u00eenregistra un ID unic pentru a stoca date despre videoclipurile YouTube pe care le-a v\u0103zut utilizatorul.<\/td><td>Niciodat\u0103<\/td><\/tr><tr><td>yt-player-headers-readable<\/td><td>youtube.com<\/td><td>Cookie-ul yt-player-headers-readable este utilizat de YouTube pentru a stoca preferin\u021bele utilizatorului legate de redarea \u0219i interfa\u021ba video, \u00eembun\u0103t\u0103\u021bind experien\u021ba de vizionare a utilizatorului.<\/td><td>Niciodat\u0103<\/td><\/tr><tr><td>yt.innertube::nextId<\/td><td>youtube.com<\/td><td>YouTube seteaz\u0103 acest modul cookie pentru a \u00eenregistra un ID unic pentru a stoca date despre videoclipurile YouTube pe care le-a v\u0103zut utilizatorul.<\/td><td>Niciodat\u0103<\/td><\/tr><tr><td>wpEmojiSettingsSupports<\/td><td>ockendenmaternityreview.org.uk<\/td><td>WordPress seteaz\u0103 acest modul cookie atunci c\u00e2nd un utilizator interac\u021bioneaz\u0103 cu emoji pe un site WordPress. Acesta ajut\u0103 la determinarea dac\u0103 browserul utilizatorului poate afi\u0219a emoji \u00een mod corespunz\u0103tor. <\/td><td>Sesiune<\/td><\/tr><tr><td>yt-remote-session-app<\/td><td>youtube.com<\/td><td>Cookie-ul yt-remote-session-app este utilizat de YouTube pentru a stoca preferin\u021bele utilizatorului \u0219i informa\u021bii despre interfa\u021ba playerului video YouTube \u00eencorporat.<\/td><td>Sesiune<\/td><\/tr><tr><td>yt-remote-cast-instalat<\/td><td>youtube.com<\/td><td>Cookie-ul yt-remote-cast-installed este utilizat pentru a stoca preferin\u021bele utilizatorului \u00een ceea ce prive\u0219te playerul video, utiliz\u00e2nd materiale video YouTube \u00eencorporate.<\/td><td>Sesiune<\/td><\/tr><tr><td>yt-remote-session-name<\/td><td>youtube.com<\/td><td>Cookie-ul yt-remote-session-name este utilizat de YouTube pentru a stoca preferin\u021bele utilizatorului \u00een ceea ce prive\u0219te playerul video, utiliz\u00e2nd materiale video YouTube \u00eencorporate.<\/td><td>Sesiune<\/td><\/tr><tr><td>yt-remote-cast-available<\/td><td>youtube.com<\/td><td>Cookie-ul yt-remote-cast-available este utilizat pentru a stoca preferin\u021bele utilizatorului cu privire la disponibilitatea castingului pe playerul s\u0103u video YouTube.<\/td><td>Sesiune<\/td><\/tr><tr><td>yt-remote-fast-check-period<\/td><td>youtube.com<\/td><td>Cookie-ul yt-remote-fast-check-period este utilizat de YouTube pentru a stoca preferin\u021bele utilizatorului privind playerul video pentru videoclipurile YouTube \u00eencorporate.<\/td><td>Sesiune<\/td><\/tr><tr><td>test_cookie<\/td><td>.doubleclick.net<\/td><td>Acest cookie este setat de doubleclick.net. Scopul cookie-ului este de a determina dac\u0103 browserul utilizatorului accept\u0103 cookie-uri. <\/td><td>15 minute<\/td><\/tr><tr><td>yt-remote-device-id<\/td><td>.youtube.com<\/td><td>Acest cookie este setat prin intermediul videoclipurilor YouTube \u00eencorporate<\/td><td>Niciodat\u0103<\/td><\/tr><tr><td>yt-dispozitive conectate la distan\u021b\u0103<\/td><td>.youtube.com<\/td><td>Acest cookie este setat prin intermediul videoclipului YouTube \u00eencorporat<\/td><td>Niciodat\u0103<\/td><\/tr><\/tbody><\/table><\/figure>\n\n<h3 class=\"wp-block-heading\">Cum modific set\u0103rile cookie-urilor?<\/h3>\n\n<p>Pute\u021bi modifica preferin\u021bele cookie-urilor \u00een orice moment acces\u00e2nd linkul &#8222;Set\u0103ri cookie&#8221; din partea dreapt\u0103 jos a site-ului web. Poate fi necesar s\u0103 re\u00eemprosp\u0103tezi pagina pentru ca set\u0103rile s\u0103 aib\u0103 efect. <\/p>\n\n<p>Alternativ, majoritatea browserelor web permit un anumit control al majorit\u0103\u021bii cookie-urilor prin set\u0103rile browserului. Pentru a afla mai multe despre cookie-uri, inclusiv cum s\u0103 vede\u021bi ce cookie-uri au fost setate, vizita\u021bi <a href=\"http:\/\/www.aboutcookies.org\/\">www.aboutcookies.org<\/a> sau <a href=\"http:\/\/www.allaboutcookies.org\/\">www.allaboutcookies.org<\/a>. <\/p>\n\n<p>Afla\u021bi cum s\u0103 gestiona\u021bi cookie-urile \u00een browserele populare:<\/p>\n\n<ul class=\"wp-block-list\">\n<li><a href=\"https:\/\/support.google.com\/accounts\/answer\/61416?co=GENIE.Platform=Desktop&amp;hl=en\">Google Chrome<\/a><\/li>\n\n\n\n<li><a href=\"https:\/\/privacy.microsoft.com\/en-us\/windows-10-microsoft-edge-and-privacy\">Microsoft Edge<\/a><\/li>\n\n\n\n<li><a href=\"https:\/\/support.mozilla.org\/en-US\/kb\/enable-and-disable-cookies-website-preferences\">Mozilla Firefox<\/a><\/li>\n\n\n\n<li><a href=\"https:\/\/support.microsoft.com\/en-gb\/help\/17442\/windows-internet-explorer-delete-manage-cookies\">Microsoft Internet Explorer<\/a><\/li>\n\n\n\n<li><a href=\"https:\/\/www.opera.com\/help\/tutorials\/security\/privacy\/\">Oper\u0103<\/a><\/li>\n\n\n\n<li><a href=\"https:\/\/support.apple.com\/en-gb\/safari\">Apple Safari<\/a><\/li>\n<\/ul>\n\n<p>Pentru a g\u0103si informa\u021bii referitoare la alte browsere, vizita\u021bi site-ul web al dezvoltatorului browserului.<\/p>\n\n<p>Pentru a renun\u021ba la urm\u0103rirea de c\u0103tre Google Analytics pe toate site-urile web, vizita\u021bi <a href=\"http:\/\/tools.google.com\/dlpage\/gaoptout\">http:\/\/tools.google.com\/dlpage\/gaoptout<\/a>.<\/p>\n","protected":false},"excerpt":{"rendered":"<p>Ce sunt cookie-urile? La fel ca majoritatea site-urilor web, folosim cookie-uri pe site-ul nostru web (https:\/\/www.ockendenmaternityreview.org.uk\/) (&#8222;Site-ul web&#8221;), care, printre altele, ne ajut\u0103 s\u0103 \u00eembun\u0103t\u0103\u021bim experien\u021ba dvs. pe site-ul nostru web \u0219i s\u0103 ne asigur\u0103m c\u0103 func\u021bioneaz\u0103 a\u0219a cum v\u0103 a\u0219tepta\u021bi. Cookie-urile sunt fi\u0219iere de date mici care sunt plasate pe computer sau pe alte &hellip; <a href=\"https:\/\/www.ockendenmaternityreview.org.uk\/ro\/politica-privind-cookie-urile\/\">Continued<\/a><\/p>\n","protected":false},"author":1,"featured_media":0,"parent":0,"menu_order":0,"comment_status":"closed","ping_status":"closed","template":"page-narrow.blade.php","meta":{"_acf_changed":false,"footnotes":""},"class_list":["post-12198","page","type-page","status-publish","hentry"],"acf":[],"yoast_head":"<!-- This site is optimized with the Yoast SEO plugin v27.2 - https:\/\/yoast.com\/product\/yoast-seo-wordpress\/ -->\n<title>Politica privind cookie-urile - Ockenden Review<\/title>\n<meta name=\"robots\" content=\"index, follow, max-snippet:-1, max-image-preview:large, max-video-preview:-1\" \/>\n<link rel=\"canonical\" href=\"http:\/\/www.ockendenmaternityreview.org.uk\/cookie-policy\/\" \/>\n<meta property=\"og:locale\" content=\"ro_RO\" \/>\n<meta property=\"og:type\" content=\"article\" \/>\n<meta property=\"og:title\" content=\"Politica privind cookie-urile - Ockenden Review\" \/>\n<meta property=\"og:description\" content=\"Ce sunt cookie-urile? La fel ca majoritatea site-urilor web, folosim cookie-uri pe site-ul nostru web (https:\/\/www.ockendenmaternityreview.org.uk\/) (&#8222;Site-ul web&#8221;), care, printre altele, ne ajut\u0103 s\u0103 \u00eembun\u0103t\u0103\u021bim experien\u021ba dvs. pe site-ul nostru web \u0219i s\u0103 ne asigur\u0103m c\u0103 func\u021bioneaz\u0103 a\u0219a cum v\u0103 a\u0219tepta\u021bi. Cookie-urile sunt fi\u0219iere de date mici care sunt plasate pe computer sau pe alte &hellip; Continued\" \/>\n<meta property=\"og:url\" content=\"http:\/\/www.ockendenmaternityreview.org.uk\/cookie-policy\/\" \/>\n<meta property=\"og:site_name\" content=\"Ockenden Review\" \/>\n<meta property=\"article:publisher\" content=\"https:\/\/www.facebook.com\/ockendenmaternityreview?mibextid=wwXIfr\" \/>\n<meta property=\"article:modified_time\" content=\"2026-03-24T14:27:36+00:00\" \/>\n<meta name=\"twitter:card\" content=\"summary_large_image\" \/>\n<meta name=\"twitter:site\" content=\"@ockreview\" \/>\n<meta name=\"twitter:label1\" content=\"Timp estimat pentru citire\" \/>\n\t<meta name=\"twitter:data1\" content=\"9 minute\" \/>\n<script type=\"application\/ld+json\" class=\"yoast-schema-graph\">{\"@context\":\"https:\/\/schema.org\",\"@graph\":[{\"@type\":\"WebPage\",\"@id\":\"http:\/\/www.ockendenmaternityreview.org.uk\/cookie-policy\/\",\"url\":\"http:\/\/www.ockendenmaternityreview.org.uk\/cookie-policy\/\",\"name\":\"Politica privind cookie-urile - Ockenden Review\",\"isPartOf\":{\"@id\":\"http:\/\/www.ockendenmaternityreview.org.uk\/zh-hant\/#website\"},\"datePublished\":\"2026-03-13T13:53:57+00:00\",\"dateModified\":\"2026-03-24T14:27:36+00:00\",\"breadcrumb\":{\"@id\":\"http:\/\/www.ockendenmaternityreview.org.uk\/cookie-policy\/#breadcrumb\"},\"inLanguage\":\"ro-RO\",\"potentialAction\":[{\"@type\":\"ReadAction\",\"target\":[\"http:\/\/www.ockendenmaternityreview.org.uk\/cookie-policy\/\"]}]},{\"@type\":\"BreadcrumbList\",\"@id\":\"http:\/\/www.ockendenmaternityreview.org.uk\/cookie-policy\/#breadcrumb\",\"itemListElement\":[{\"@type\":\"ListItem\",\"position\":1,\"name\":\"Home\",\"item\":\"https:\/\/www.ockendenmaternityreview.org.uk\/ro\/\"},{\"@type\":\"ListItem\",\"position\":2,\"name\":\"Politica privind cookie-urile\"}]},{\"@type\":\"WebSite\",\"@id\":\"http:\/\/www.ockendenmaternityreview.org.uk\/zh-hant\/#website\",\"url\":\"http:\/\/www.ockendenmaternityreview.org.uk\/zh-hant\/\",\"name\":\"Ockenden Review\",\"description\":\"\",\"potentialAction\":[{\"@type\":\"SearchAction\",\"target\":{\"@type\":\"EntryPoint\",\"urlTemplate\":\"http:\/\/www.ockendenmaternityreview.org.uk\/zh-hant\/?s={search_term_string}\"},\"query-input\":{\"@type\":\"PropertyValueSpecification\",\"valueRequired\":true,\"valueName\":\"search_term_string\"}}],\"inLanguage\":\"ro-RO\"}]}<\/script>\n<!-- \/ Yoast SEO plugin. -->","yoast_head_json":{"title":"Politica privind cookie-urile - Ockenden Review","robots":{"index":"index","follow":"follow","max-snippet":"max-snippet:-1","max-image-preview":"max-image-preview:large","max-video-preview":"max-video-preview:-1"},"canonical":"http:\/\/www.ockendenmaternityreview.org.uk\/cookie-policy\/","og_locale":"ro_RO","og_type":"article","og_title":"Politica privind cookie-urile - Ockenden Review","og_description":"Ce sunt cookie-urile? La fel ca majoritatea site-urilor web, folosim cookie-uri pe site-ul nostru web (https:\/\/www.ockendenmaternityreview.org.uk\/) (&#8222;Site-ul web&#8221;), care, printre altele, ne ajut\u0103 s\u0103 \u00eembun\u0103t\u0103\u021bim experien\u021ba dvs. pe site-ul nostru web \u0219i s\u0103 ne asigur\u0103m c\u0103 func\u021bioneaz\u0103 a\u0219a cum v\u0103 a\u0219tepta\u021bi. Cookie-urile sunt fi\u0219iere de date mici care sunt plasate pe computer sau pe alte &hellip; Continued","og_url":"http:\/\/www.ockendenmaternityreview.org.uk\/cookie-policy\/","og_site_name":"Ockenden Review","article_publisher":"https:\/\/www.facebook.com\/ockendenmaternityreview?mibextid=wwXIfr","article_modified_time":"2026-03-24T14:27:36+00:00","twitter_card":"summary_large_image","twitter_site":"@ockreview","twitter_misc":{"Timp estimat pentru citire":"9 minute"},"schema":{"@context":"https:\/\/schema.org","@graph":[{"@type":"WebPage","@id":"http:\/\/www.ockendenmaternityreview.org.uk\/cookie-policy\/","url":"http:\/\/www.ockendenmaternityreview.org.uk\/cookie-policy\/","name":"Politica privind cookie-urile - Ockenden Review","isPartOf":{"@id":"http:\/\/www.ockendenmaternityreview.org.uk\/zh-hant\/#website"},"datePublished":"2026-03-13T13:53:57+00:00","dateModified":"2026-03-24T14:27:36+00:00","breadcrumb":{"@id":"http:\/\/www.ockendenmaternityreview.org.uk\/cookie-policy\/#breadcrumb"},"inLanguage":"ro-RO","potentialAction":[{"@type":"ReadAction","target":["http:\/\/www.ockendenmaternityreview.org.uk\/cookie-policy\/"]}]},{"@type":"BreadcrumbList","@id":"http:\/\/www.ockendenmaternityreview.org.uk\/cookie-policy\/#breadcrumb","itemListElement":[{"@type":"ListItem","position":1,"name":"Home","item":"https:\/\/www.ockendenmaternityreview.org.uk\/ro\/"},{"@type":"ListItem","position":2,"name":"Politica privind cookie-urile"}]},{"@type":"WebSite","@id":"http:\/\/www.ockendenmaternityreview.org.uk\/zh-hant\/#website","url":"http:\/\/www.ockendenmaternityreview.org.uk\/zh-hant\/","name":"Ockenden Review","description":"","potentialAction":[{"@type":"SearchAction","target":{"@type":"EntryPoint","urlTemplate":"http:\/\/www.ockendenmaternityreview.org.uk\/zh-hant\/?s={search_term_string}"},"query-input":{"@type":"PropertyValueSpecification","valueRequired":true,"valueName":"search_term_string"}}],"inLanguage":"ro-RO"}]}},"_links":{"self":[{"href":"https:\/\/www.ockendenmaternityreview.org.uk\/ro\/wp-json\/wp\/v2\/pages\/12198","targetHints":{"allow":["GET"]}}],"collection":[{"href":"https:\/\/www.ockendenmaternityreview.org.uk\/ro\/wp-json\/wp\/v2\/pages"}],"about":[{"href":"https:\/\/www.ockendenmaternityreview.org.uk\/ro\/wp-json\/wp\/v2\/types\/page"}],"author":[{"embeddable":true,"href":"https:\/\/www.ockendenmaternityreview.org.uk\/ro\/wp-json\/wp\/v2\/users\/1"}],"replies":[{"embeddable":true,"href":"https:\/\/www.ockendenmaternityreview.org.uk\/ro\/wp-json\/wp\/v2\/comments?post=12198"}],"version-history":[{"count":0,"href":"https:\/\/www.ockendenmaternityreview.org.uk\/ro\/wp-json\/wp\/v2\/pages\/12198\/revisions"}],"wp:attachment":[{"href":"https:\/\/www.ockendenmaternityreview.org.uk\/ro\/wp-json\/wp\/v2\/media?parent=12198"}],"curies":[{"name":"wp","href":"https:\/\/api.w.org\/{rel}","templated":true}]}}