{"id":12258,"date":"2026-01-08T16:38:29","date_gmt":"2026-01-08T16:38:29","guid":{"rendered":"https:\/\/ockendenmatdev.wpenginepowered.com\/sprijin-in-caz-de-criza-in-domeniul-sanatatii-mintale\/"},"modified":"2026-03-24T14:28:18","modified_gmt":"2026-03-24T14:28:18","slug":"sprijin-in-caz-de-criza-in-domeniul-sanatatii-mintale","status":"publish","type":"page","link":"https:\/\/www.ockendenmaternityreview.org.uk\/ro\/sprijin-in-caz-de-criza-in-domeniul-sanatatii-mintale\/","title":{"rendered":"Sprijin \u00een caz de criz\u0103 \u00een domeniul s\u0103n\u0103t\u0103\u021bii mintale"},"content":{"rendered":"\n<div style=\"height:20px\" aria-hidden=\"true\" class=\"wp-block-spacer\"><\/div>\n\n<p>Uneori, este posibil s\u0103 v\u0103 confrunta\u021bi cu o suferin\u021b\u0103 intens\u0103 sau cu g\u00e2nduri suicidare \u0219i s\u0103 ave\u021bi nevoie de ajutor \u00een caz de urgen\u021b\u0103. Noi, cei de la FPSS, nu suntem un serviciu de criz\u0103 \u0219i este posibil s\u0103 nu fim disponibili pentru a vorbi cu dvs. \u00eentr-un timp foarte scurt.   <\/p>\n\n<p>Dorim s\u0103 ne asigur\u0103m c\u0103 ave\u021bi acces la ajutor pentru dvs. sau pentru un membru al familiei \u00een caz de urgen\u021b\u0103; iat\u0103 mai jos c\u00e2teva op\u021biuni:<\/p>\n\n<div style=\"height:50px\" aria-hidden=\"true\" class=\"wp-block-spacer\"><\/div>\n\n<h2 class=\"wp-block-heading\">Pentru adul\u021bi<\/h2>\n\n<p><strong>Linia de criz\u0103 a s\u0103n\u0103t\u0103\u021bii mintale din Nottinghamshire<\/strong><\/p>\n\n<p>Disponibil 24 de ore pe zi, 7 zile pe s\u0103pt\u0103m\u00e2n\u0103 &#8211; 0808 196 3779 (sau pute\u021bi apela 111 \u0219i selecta op\u021biunea 2)<\/p>\n\n<p><\/p>\n\n<p><strong>Samariteni  <\/strong><\/p>\n\n<p>Disponibil 24 de ore pe zi, 7 zile pe s\u0103pt\u0103m\u00e2n\u0103 &#8211; 116 123<\/p>\n\n<p><\/p>\n\n<p><strong>SHOUT linie de text<\/strong><\/p>\n\n<p>Disponibil 24 de ore pe zi, 7 zile pe s\u0103pt\u0103m\u00e2n\u0103 &#8211; trimite\u021bi mesajul &#8222;SHOUT&#8221; la 85258<\/p>\n\n<div style=\"height:50px\" aria-hidden=\"true\" class=\"wp-block-spacer\"><\/div>\n\n<h2 class=\"wp-block-heading\">Pentru copii \u0219i tineri<\/h2>\n\n<p><strong>CAMHS Criz\u0103 \u0219i tratament la domiciliu<\/strong><\/p>\n\n<p>Disponibil 24 de ore pe zi, 7 zile pe s\u0103pt\u0103m\u00e2n\u0103 &#8211; 0800 196 3779 (op\u021biunea 1)<\/p>\n\n<p><\/p>\n\n<p><strong>Papyrus Hopeline (pentru oricine sub 35 de ani)<\/strong><\/p>\n\n<p>Disponibil 24 de ore pe zi, 7 zile pe s\u0103pt\u0103m\u00e2n\u0103 &#8211; 0800 068 4141, sau SMS 88247<\/p>\n","protected":false},"excerpt":{"rendered":"<p>Uneori, este posibil s\u0103 v\u0103 confrunta\u021bi cu o suferin\u021b\u0103 intens\u0103 sau cu g\u00e2nduri suicidare \u0219i s\u0103 ave\u021bi nevoie de ajutor \u00een caz de urgen\u021b\u0103. Noi, cei de la FPSS, nu suntem un serviciu de criz\u0103 \u0219i este posibil s\u0103 nu fim disponibili pentru a vorbi cu dvs. \u00eentr-un timp foarte scurt. Dorim s\u0103 ne asigur\u0103m &hellip; <a href=\"https:\/\/www.ockendenmaternityreview.org.uk\/ro\/sprijin-in-caz-de-criza-in-domeniul-sanatatii-mintale\/\">Continued<\/a><\/p>\n","protected":false},"author":1,"featured_media":0,"parent":0,"menu_order":0,"comment_status":"closed","ping_status":"closed","template":"page-narrow.blade.php","meta":{"_acf_changed":false,"footnotes":""},"class_list":["post-12258","page","type-page","status-publish","hentry"],"acf":[],"yoast_head":"<!-- This site is optimized with the Yoast SEO plugin v27.2 - https:\/\/yoast.com\/product\/yoast-seo-wordpress\/ -->\n<title>Sprijin \u00een caz de criz\u0103 \u00een domeniul s\u0103n\u0103t\u0103\u021bii mintale - Ockenden Review<\/title>\n<meta name=\"robots\" content=\"index, follow, max-snippet:-1, max-image-preview:large, max-video-preview:-1\" \/>\n<link rel=\"canonical\" href=\"https:\/\/www.ockendenmaternityreview.org.uk\/support-mental-health-crisis-support\/\" \/>\n<meta property=\"og:locale\" content=\"ro_RO\" \/>\n<meta property=\"og:type\" content=\"article\" \/>\n<meta property=\"og:title\" content=\"Sprijin \u00een caz de criz\u0103 \u00een domeniul s\u0103n\u0103t\u0103\u021bii mintale - Ockenden Review\" \/>\n<meta property=\"og:description\" content=\"Uneori, este posibil s\u0103 v\u0103 confrunta\u021bi cu o suferin\u021b\u0103 intens\u0103 sau cu g\u00e2nduri suicidare \u0219i s\u0103 ave\u021bi nevoie de ajutor \u00een caz de urgen\u021b\u0103. Noi, cei de la FPSS, nu suntem un serviciu de criz\u0103 \u0219i este posibil s\u0103 nu fim disponibili pentru a vorbi cu dvs. \u00eentr-un timp foarte scurt. Dorim s\u0103 ne asigur\u0103m &hellip; Continued\" \/>\n<meta property=\"og:url\" content=\"https:\/\/www.ockendenmaternityreview.org.uk\/support-mental-health-crisis-support\/\" \/>\n<meta property=\"og:site_name\" content=\"Ockenden Review\" \/>\n<meta property=\"article:publisher\" content=\"https:\/\/www.facebook.com\/ockendenmaternityreview?mibextid=wwXIfr\" \/>\n<meta property=\"article:modified_time\" content=\"2026-03-24T14:28:18+00:00\" \/>\n<meta name=\"twitter:card\" content=\"summary_large_image\" \/>\n<meta name=\"twitter:site\" content=\"@ockreview\" \/>\n<meta name=\"twitter:label1\" content=\"Timp estimat pentru citire\" \/>\n\t<meta name=\"twitter:data1\" content=\"1 minut\" \/>\n<script type=\"application\/ld+json\" class=\"yoast-schema-graph\">{\"@context\":\"https:\/\/schema.org\",\"@graph\":[{\"@type\":\"WebPage\",\"@id\":\"https:\/\/www.ockendenmaternityreview.org.uk\/support-mental-health-crisis-support\/\",\"url\":\"https:\/\/www.ockendenmaternityreview.org.uk\/support-mental-health-crisis-support\/\",\"name\":\"Sprijin \u00een caz de criz\u0103 \u00een domeniul s\u0103n\u0103t\u0103\u021bii mintale - Ockenden Review\",\"isPartOf\":{\"@id\":\"https:\/\/www.ockendenmaternityreview.org.uk\/ku\/#website\"},\"datePublished\":\"2026-01-08T16:38:29+00:00\",\"dateModified\":\"2026-03-24T14:28:18+00:00\",\"breadcrumb\":{\"@id\":\"https:\/\/www.ockendenmaternityreview.org.uk\/support-mental-health-crisis-support\/#breadcrumb\"},\"inLanguage\":\"ro-RO\",\"potentialAction\":[{\"@type\":\"ReadAction\",\"target\":[\"https:\/\/www.ockendenmaternityreview.org.uk\/support-mental-health-crisis-support\/\"]}]},{\"@type\":\"BreadcrumbList\",\"@id\":\"https:\/\/www.ockendenmaternityreview.org.uk\/support-mental-health-crisis-support\/#breadcrumb\",\"itemListElement\":[{\"@type\":\"ListItem\",\"position\":1,\"name\":\"Home\",\"item\":\"https:\/\/www.ockendenmaternityreview.org.uk\/ro\/\"},{\"@type\":\"ListItem\",\"position\":2,\"name\":\"Sprijin \u00een caz de criz\u0103 \u00een domeniul s\u0103n\u0103t\u0103\u021bii mintale\"}]},{\"@type\":\"WebSite\",\"@id\":\"https:\/\/www.ockendenmaternityreview.org.uk\/ku\/#website\",\"url\":\"https:\/\/www.ockendenmaternityreview.org.uk\/ku\/\",\"name\":\"Ockenden Review\",\"description\":\"\",\"potentialAction\":[{\"@type\":\"SearchAction\",\"target\":{\"@type\":\"EntryPoint\",\"urlTemplate\":\"https:\/\/www.ockendenmaternityreview.org.uk\/ku\/?s={search_term_string}\"},\"query-input\":{\"@type\":\"PropertyValueSpecification\",\"valueRequired\":true,\"valueName\":\"search_term_string\"}}],\"inLanguage\":\"ro-RO\"}]}<\/script>\n<!-- \/ Yoast SEO plugin. -->","yoast_head_json":{"title":"Sprijin \u00een caz de criz\u0103 \u00een domeniul s\u0103n\u0103t\u0103\u021bii mintale - Ockenden Review","robots":{"index":"index","follow":"follow","max-snippet":"max-snippet:-1","max-image-preview":"max-image-preview:large","max-video-preview":"max-video-preview:-1"},"canonical":"https:\/\/www.ockendenmaternityreview.org.uk\/support-mental-health-crisis-support\/","og_locale":"ro_RO","og_type":"article","og_title":"Sprijin \u00een caz de criz\u0103 \u00een domeniul s\u0103n\u0103t\u0103\u021bii mintale - Ockenden Review","og_description":"Uneori, este posibil s\u0103 v\u0103 confrunta\u021bi cu o suferin\u021b\u0103 intens\u0103 sau cu g\u00e2nduri suicidare \u0219i s\u0103 ave\u021bi nevoie de ajutor \u00een caz de urgen\u021b\u0103. Noi, cei de la FPSS, nu suntem un serviciu de criz\u0103 \u0219i este posibil s\u0103 nu fim disponibili pentru a vorbi cu dvs. \u00eentr-un timp foarte scurt. Dorim s\u0103 ne asigur\u0103m &hellip; Continued","og_url":"https:\/\/www.ockendenmaternityreview.org.uk\/support-mental-health-crisis-support\/","og_site_name":"Ockenden Review","article_publisher":"https:\/\/www.facebook.com\/ockendenmaternityreview?mibextid=wwXIfr","article_modified_time":"2026-03-24T14:28:18+00:00","twitter_card":"summary_large_image","twitter_site":"@ockreview","twitter_misc":{"Timp estimat pentru citire":"1 minut"},"schema":{"@context":"https:\/\/schema.org","@graph":[{"@type":"WebPage","@id":"https:\/\/www.ockendenmaternityreview.org.uk\/support-mental-health-crisis-support\/","url":"https:\/\/www.ockendenmaternityreview.org.uk\/support-mental-health-crisis-support\/","name":"Sprijin \u00een caz de criz\u0103 \u00een domeniul s\u0103n\u0103t\u0103\u021bii mintale - Ockenden Review","isPartOf":{"@id":"https:\/\/www.ockendenmaternityreview.org.uk\/ku\/#website"},"datePublished":"2026-01-08T16:38:29+00:00","dateModified":"2026-03-24T14:28:18+00:00","breadcrumb":{"@id":"https:\/\/www.ockendenmaternityreview.org.uk\/support-mental-health-crisis-support\/#breadcrumb"},"inLanguage":"ro-RO","potentialAction":[{"@type":"ReadAction","target":["https:\/\/www.ockendenmaternityreview.org.uk\/support-mental-health-crisis-support\/"]}]},{"@type":"BreadcrumbList","@id":"https:\/\/www.ockendenmaternityreview.org.uk\/support-mental-health-crisis-support\/#breadcrumb","itemListElement":[{"@type":"ListItem","position":1,"name":"Home","item":"https:\/\/www.ockendenmaternityreview.org.uk\/ro\/"},{"@type":"ListItem","position":2,"name":"Sprijin \u00een caz de criz\u0103 \u00een domeniul s\u0103n\u0103t\u0103\u021bii mintale"}]},{"@type":"WebSite","@id":"https:\/\/www.ockendenmaternityreview.org.uk\/ku\/#website","url":"https:\/\/www.ockendenmaternityreview.org.uk\/ku\/","name":"Ockenden Review","description":"","potentialAction":[{"@type":"SearchAction","target":{"@type":"EntryPoint","urlTemplate":"https:\/\/www.ockendenmaternityreview.org.uk\/ku\/?s={search_term_string}"},"query-input":{"@type":"PropertyValueSpecification","valueRequired":true,"valueName":"search_term_string"}}],"inLanguage":"ro-RO"}]}},"_links":{"self":[{"href":"https:\/\/www.ockendenmaternityreview.org.uk\/ro\/wp-json\/wp\/v2\/pages\/12258","targetHints":{"allow":["GET"]}}],"collection":[{"href":"https:\/\/www.ockendenmaternityreview.org.uk\/ro\/wp-json\/wp\/v2\/pages"}],"about":[{"href":"https:\/\/www.ockendenmaternityreview.org.uk\/ro\/wp-json\/wp\/v2\/types\/page"}],"author":[{"embeddable":true,"href":"https:\/\/www.ockendenmaternityreview.org.uk\/ro\/wp-json\/wp\/v2\/users\/1"}],"replies":[{"embeddable":true,"href":"https:\/\/www.ockendenmaternityreview.org.uk\/ro\/wp-json\/wp\/v2\/comments?post=12258"}],"version-history":[{"count":0,"href":"https:\/\/www.ockendenmaternityreview.org.uk\/ro\/wp-json\/wp\/v2\/pages\/12258\/revisions"}],"wp:attachment":[{"href":"https:\/\/www.ockendenmaternityreview.org.uk\/ro\/wp-json\/wp\/v2\/media?parent=12258"}],"curies":[{"name":"wp","href":"https:\/\/api.w.org\/{rel}","templated":true}]}}