{"id":12389,"date":"2026-01-08T14:43:58","date_gmt":"2026-01-08T14:43:58","guid":{"rendered":"https:\/\/ockendenmatdev.wpenginepowered.com\/contact\/"},"modified":"2026-03-24T14:29:17","modified_gmt":"2026-03-24T14:29:17","slug":"contact","status":"publish","type":"page","link":"https:\/\/www.ockendenmaternityreview.org.uk\/ro\/contact\/","title":{"rendered":"Contact"},"content":{"rendered":"\n<h2 class=\"wp-block-heading\">Contact<\/h2>\n\n<p>Un membru al echipei va fi disponibil pentru a r\u0103spunde la orice apeluri telefonice \u0219i e-mailuri de luni p\u00e2n\u0103 vineri \u00eentre orele 8:00 \u0219i 16:00.<\/p>\n\n<h2 class=\"wp-block-heading\">Leeds Recenzie<\/h2>\n\n<p>Pentru a lua leg\u0103tura cu echipa, v\u0103 rug\u0103m s\u0103 trimite\u021bi un e-mail <a href=\"mailto:leedsreview@donnaockenden.com\">la leedsreview@donnaockenden.com<\/a> sau s\u0103 suna\u021bi la <a href=\"tel:+441243786993\">01243 786993<\/a><\/p>\n\n<h2 class=\"wp-block-heading\">Nottingham Recenzie<\/h2>\n\n<p>Pentru a lua leg\u0103tura cu echipa, v\u0103 rug\u0103m s\u0103 <a href=\"mailto:nottsreview@donnaockenden.com\">trimite\u021bi un<\/a> e-mail nottsreview@donnaockenden.com sau s\u0103 suna\u021bi <a href=\"tel:+441243786993\">la 01243 786993<\/a><\/p>\n\n<h2 class=\"wp-block-heading\">\u00centreb\u0103ri din partea mass-media<\/h2>\n\n<p>Pentru toate \u00eentreb\u0103rile din partea mass-media sau de comunicare, v\u0103 rug\u0103m s\u0103 contacta\u021bi:<\/p>\n\n<p><strong>Biroul Donnei Ockenden  <\/strong><\/p>\n\n<p>E-mail: <a href=\"mailto:communications@donnaockenden.com\">communications@donnaockenden.com<\/a><\/p>\n\n<p>Telefon: 01243 786993<\/p>\n\n<p><strong>Comunica\u021bii \u00een afara orelor de program<\/strong><\/p>\n\n<p>Ellice: 07379 248 555<\/p>\n\n<h2 class=\"wp-block-heading\">Cum folosim informa\u021biile dvs. personale<\/h2>\n\n<p>C\u00e2nd decide\u021bi s\u0103 ne contacta\u021bi, echipa de revizuire va \u00eenregistra detaliile dvs. \u0219i orice alte informa\u021bii pe care ni le furniza\u021bi. Vom folosi aceste informa\u021bii: <\/p>\n\n<ul class=\"wp-block-list\">\n<li>pentru a r\u0103spunde la orice \u00eentrebare sau \u00eentrebare pe care a\u021bi ridicat-o; \u0219i\/sau<\/li>\n\n\n\n<li>\u00een scopul \u00eendeplinirii termenilor de referin\u021b\u0103 ai revizuirii.<\/li>\n<\/ul>\n\n<p>Evaluarea dispune de o <a href=\"http:\/\/ockendenmaternityreview.org.uk\/information-management-policy\/\">politic\u0103 de gestionare a informa\u021biilor<\/a> \u0219i de o <a href=\"http:\/\/ockendenmaternityreview.org.uk\/privacy-policy\/\">politic\u0103 de confiden\u021bialitate<\/a> care explic\u0103 modul \u00een care vor fi gestionate informa\u021biile comunicate \u00een cadrul evalu\u0103rii.<\/p>\n","protected":false},"excerpt":{"rendered":"<p>Contact Un membru al echipei va fi disponibil pentru a r\u0103spunde la orice apeluri telefonice \u0219i e-mailuri de luni p\u00e2n\u0103 vineri \u00eentre orele 8:00 \u0219i 16:00. Leeds Recenzie Pentru a lua leg\u0103tura cu echipa, v\u0103 rug\u0103m s\u0103 trimite\u021bi un e-mail la leedsreview@donnaockenden.com sau s\u0103 suna\u021bi la 01243 786993 Nottingham Recenzie Pentru a lua leg\u0103tura cu &hellip; <a href=\"https:\/\/www.ockendenmaternityreview.org.uk\/ro\/contact\/\">Continued<\/a><\/p>\n","protected":false},"author":1,"featured_media":0,"parent":0,"menu_order":0,"comment_status":"closed","ping_status":"closed","template":"","meta":{"_acf_changed":false,"footnotes":""},"class_list":["post-12389","page","type-page","status-publish","hentry"],"acf":[],"yoast_head":"<!-- This site is optimized with the Yoast SEO plugin v27.2 - https:\/\/yoast.com\/product\/yoast-seo-wordpress\/ -->\n<title>Contact - Ockenden Review<\/title>\n<meta name=\"robots\" content=\"index, follow, max-snippet:-1, max-image-preview:large, max-video-preview:-1\" \/>\n<link rel=\"canonical\" href=\"http:\/\/www.ockendenmaternityreview.org.uk\/ro\/contact\/\" \/>\n<meta property=\"og:locale\" content=\"ro_RO\" \/>\n<meta property=\"og:type\" content=\"article\" \/>\n<meta property=\"og:title\" content=\"Contact - Ockenden Review\" \/>\n<meta property=\"og:description\" content=\"Contact Un membru al echipei va fi disponibil pentru a r\u0103spunde la orice apeluri telefonice \u0219i e-mailuri de luni p\u00e2n\u0103 vineri \u00eentre orele 8:00 \u0219i 16:00. Leeds Recenzie Pentru a lua leg\u0103tura cu echipa, v\u0103 rug\u0103m s\u0103 trimite\u021bi un e-mail la leedsreview@donnaockenden.com sau s\u0103 suna\u021bi la 01243 786993 Nottingham Recenzie Pentru a lua leg\u0103tura cu &hellip; Continued\" \/>\n<meta property=\"og:url\" content=\"http:\/\/www.ockendenmaternityreview.org.uk\/ro\/contact\/\" \/>\n<meta property=\"og:site_name\" content=\"Ockenden Review\" \/>\n<meta property=\"article:publisher\" content=\"https:\/\/www.facebook.com\/ockendenmaternityreview?mibextid=wwXIfr\" \/>\n<meta property=\"article:modified_time\" content=\"2026-03-24T14:29:17+00:00\" \/>\n<meta name=\"twitter:card\" content=\"summary_large_image\" \/>\n<meta name=\"twitter:site\" content=\"@ockreview\" \/>\n<meta name=\"twitter:label1\" content=\"Timp estimat pentru citire\" \/>\n\t<meta name=\"twitter:data1\" content=\"1 minut\" \/>\n<script type=\"application\/ld+json\" class=\"yoast-schema-graph\">{\"@context\":\"https:\/\/schema.org\",\"@graph\":[{\"@type\":\"WebPage\",\"@id\":\"http:\/\/www.ockendenmaternityreview.org.uk\/ro\/contact\/\",\"url\":\"http:\/\/www.ockendenmaternityreview.org.uk\/ro\/contact\/\",\"name\":\"Contact - Ockenden Review\",\"isPartOf\":{\"@id\":\"https:\/\/www.ockendenmaternityreview.org.uk\/fa\/#website\"},\"datePublished\":\"2026-01-08T14:43:58+00:00\",\"dateModified\":\"2026-03-24T14:29:17+00:00\",\"breadcrumb\":{\"@id\":\"http:\/\/www.ockendenmaternityreview.org.uk\/ro\/contact\/#breadcrumb\"},\"inLanguage\":\"ro-RO\",\"potentialAction\":[{\"@type\":\"ReadAction\",\"target\":[\"http:\/\/www.ockendenmaternityreview.org.uk\/ro\/contact\/\"]}]},{\"@type\":\"BreadcrumbList\",\"@id\":\"http:\/\/www.ockendenmaternityreview.org.uk\/ro\/contact\/#breadcrumb\",\"itemListElement\":[{\"@type\":\"ListItem\",\"position\":1,\"name\":\"Home\",\"item\":\"https:\/\/www.ockendenmaternityreview.org.uk\/ro\/\"},{\"@type\":\"ListItem\",\"position\":2,\"name\":\"Contact\"}]},{\"@type\":\"WebSite\",\"@id\":\"https:\/\/www.ockendenmaternityreview.org.uk\/fa\/#website\",\"url\":\"https:\/\/www.ockendenmaternityreview.org.uk\/fa\/\",\"name\":\"Ockenden Review\",\"description\":\"\",\"potentialAction\":[{\"@type\":\"SearchAction\",\"target\":{\"@type\":\"EntryPoint\",\"urlTemplate\":\"https:\/\/www.ockendenmaternityreview.org.uk\/fa\/?s={search_term_string}\"},\"query-input\":{\"@type\":\"PropertyValueSpecification\",\"valueRequired\":true,\"valueName\":\"search_term_string\"}}],\"inLanguage\":\"ro-RO\"}]}<\/script>\n<!-- \/ Yoast SEO plugin. -->","yoast_head_json":{"title":"Contact - Ockenden Review","robots":{"index":"index","follow":"follow","max-snippet":"max-snippet:-1","max-image-preview":"max-image-preview:large","max-video-preview":"max-video-preview:-1"},"canonical":"http:\/\/www.ockendenmaternityreview.org.uk\/ro\/contact\/","og_locale":"ro_RO","og_type":"article","og_title":"Contact - Ockenden Review","og_description":"Contact Un membru al echipei va fi disponibil pentru a r\u0103spunde la orice apeluri telefonice \u0219i e-mailuri de luni p\u00e2n\u0103 vineri \u00eentre orele 8:00 \u0219i 16:00. Leeds Recenzie Pentru a lua leg\u0103tura cu echipa, v\u0103 rug\u0103m s\u0103 trimite\u021bi un e-mail la leedsreview@donnaockenden.com sau s\u0103 suna\u021bi la 01243 786993 Nottingham Recenzie Pentru a lua leg\u0103tura cu &hellip; Continued","og_url":"http:\/\/www.ockendenmaternityreview.org.uk\/ro\/contact\/","og_site_name":"Ockenden Review","article_publisher":"https:\/\/www.facebook.com\/ockendenmaternityreview?mibextid=wwXIfr","article_modified_time":"2026-03-24T14:29:17+00:00","twitter_card":"summary_large_image","twitter_site":"@ockreview","twitter_misc":{"Timp estimat pentru citire":"1 minut"},"schema":{"@context":"https:\/\/schema.org","@graph":[{"@type":"WebPage","@id":"http:\/\/www.ockendenmaternityreview.org.uk\/ro\/contact\/","url":"http:\/\/www.ockendenmaternityreview.org.uk\/ro\/contact\/","name":"Contact - Ockenden Review","isPartOf":{"@id":"https:\/\/www.ockendenmaternityreview.org.uk\/fa\/#website"},"datePublished":"2026-01-08T14:43:58+00:00","dateModified":"2026-03-24T14:29:17+00:00","breadcrumb":{"@id":"http:\/\/www.ockendenmaternityreview.org.uk\/ro\/contact\/#breadcrumb"},"inLanguage":"ro-RO","potentialAction":[{"@type":"ReadAction","target":["http:\/\/www.ockendenmaternityreview.org.uk\/ro\/contact\/"]}]},{"@type":"BreadcrumbList","@id":"http:\/\/www.ockendenmaternityreview.org.uk\/ro\/contact\/#breadcrumb","itemListElement":[{"@type":"ListItem","position":1,"name":"Home","item":"https:\/\/www.ockendenmaternityreview.org.uk\/ro\/"},{"@type":"ListItem","position":2,"name":"Contact"}]},{"@type":"WebSite","@id":"https:\/\/www.ockendenmaternityreview.org.uk\/fa\/#website","url":"https:\/\/www.ockendenmaternityreview.org.uk\/fa\/","name":"Ockenden Review","description":"","potentialAction":[{"@type":"SearchAction","target":{"@type":"EntryPoint","urlTemplate":"https:\/\/www.ockendenmaternityreview.org.uk\/fa\/?s={search_term_string}"},"query-input":{"@type":"PropertyValueSpecification","valueRequired":true,"valueName":"search_term_string"}}],"inLanguage":"ro-RO"}]}},"_links":{"self":[{"href":"https:\/\/www.ockendenmaternityreview.org.uk\/ro\/wp-json\/wp\/v2\/pages\/12389","targetHints":{"allow":["GET"]}}],"collection":[{"href":"https:\/\/www.ockendenmaternityreview.org.uk\/ro\/wp-json\/wp\/v2\/pages"}],"about":[{"href":"https:\/\/www.ockendenmaternityreview.org.uk\/ro\/wp-json\/wp\/v2\/types\/page"}],"author":[{"embeddable":true,"href":"https:\/\/www.ockendenmaternityreview.org.uk\/ro\/wp-json\/wp\/v2\/users\/1"}],"replies":[{"embeddable":true,"href":"https:\/\/www.ockendenmaternityreview.org.uk\/ro\/wp-json\/wp\/v2\/comments?post=12389"}],"version-history":[{"count":0,"href":"https:\/\/www.ockendenmaternityreview.org.uk\/ro\/wp-json\/wp\/v2\/pages\/12389\/revisions"}],"wp:attachment":[{"href":"https:\/\/www.ockendenmaternityreview.org.uk\/ro\/wp-json\/wp\/v2\/media?parent=12389"}],"curies":[{"name":"wp","href":"https:\/\/api.w.org\/{rel}","templated":true}]}}