{"id":12395,"date":"2026-01-08T15:47:01","date_gmt":"2026-01-08T15:47:01","guid":{"rendered":"https:\/\/ockendenmatdev.wpenginepowered.com\/evenimente-2\/"},"modified":"2026-03-24T14:29:20","modified_gmt":"2026-03-24T14:29:20","slug":"evenimente-2","status":"publish","type":"page","link":"https:\/\/www.ockendenmaternityreview.org.uk\/ro\/evenimente-2\/","title":{"rendered":"Evenimente"},"content":{"rendered":"\n<p><strong>Urm\u0103toarea \u00eent\u00e2lnire de familie &#8211; s\u00e2mb\u0103t\u0103, 21 martie<\/strong><\/p>\n\n<p>Dragi familii,<br\/><br\/>Urm\u0103toarea \u00eent\u00e2lnire a familiilor va avea loc s\u00e2mb\u0103t\u0103,<sup>21<\/sup> martie, la Mercure Nottingham Sherwood Hotel, NG5 2BT.<br\/><br\/>Pute\u021bi participa la ora care v\u0103 convine, fie la 10.00-12.00, fie la 13.00-13.00.<\/p>\n\n<p>Cre\u0219a disponibil\u0103, parcare gratuit\u0103 la fa\u021ba locului, pr\u00e2nz oferit.<br\/><br\/>R\u0103spunde\u021bi prin e-mail la <a href=\"mailto:events@donnaockenden.com\">events@donnaockenden.com.<\/a><\/p>\n\n<div style=\"height:30px\" aria-hidden=\"true\" class=\"wp-block-spacer\"><\/div>\n\n<h2 class=\"wp-block-heading\">Evenimente anterioare<\/h2>\n\n<div class=\"wp-block-query support-groups is-layout-flow wp-block-query-is-layout-flow\"><ul class=\"columns-2 wp-block-post-template is-layout-grid wp-container-core-post-template-is-layout-17361a50 wp-block-post-template-is-layout-grid\"><li class=\"wp-block-post post-10202 post type-post status-publish format-standard hentry category-evenimente\">\n\n\n<h2 class=\"wp-block-post-title\">\u00cent\u00e2lnire de familie &#8211; s\u00e2mb\u0103t\u0103, 17 ianuarie<\/h2>\n\n<div class=\"entry-content wp-block-post-content is-layout-flow wp-block-post-content-is-layout-flow\">\n<p>Mul\u021bumim tuturor familiilor care au putut participa la reuniunea familiilor de s\u00e2mb\u0103t\u0103<sup>, 17<\/sup> ianuarie. Donna Ockenden, pre\u0219edintele revizuirii, a prezentat o actualizare privind progresul revizuirii \u0219i a furnizat informa\u021bii cu privire la ceea ce trebuie s\u0103 ne a\u0219tept\u0103m p\u00e2n\u0103 la publicarea raportului (iunie 2026). General Medical Council (GMC) \u0219i Nursing and Midwifery Council (NMC) au furnizat informa\u021bii actualizate cu privire la ceea ce au pus \u00een aplicare de la ultima reuniune a familiilor. Recunoa\u0219tem c\u0103 multe familii fie nu pot participa, fie nu se simt capabile s\u0103 participe la reuniunile familiilor, motiv pentru care ne-am angajat s\u0103 public\u0103m slide-urile PowerPoint pe site-ul web al revizuirii, astfel \u00eenc\u00e2t toate familiile s\u0103 primeasc\u0103 acelea\u0219i informa\u021bii.   <\/p>\n\n<p><a href=\"https:\/\/www.ockendenmaternityreview.org.uk\/wp-content\/uploads\/2026\/02\/Family-meeting-17.01.26-FINAL-for-website.pdf\" target=\"_blank\" rel=\"noreferrer noopener\">Desc\u0103rca\u021bi actualizarea reuniunii de familie [PDF]<\/a><\/p>\n\n<p><a href=\"https:\/\/www.ockendenmaternityreview.org.uk\/wp-content\/uploads\/2026\/02\/17-01-26-GMC-and-NMC-family-day-slides-FINAL.pdf\">Desc\u0103rca\u021bi actualizarea GMC \u0219i NMC [PDF]<\/a><\/p>\n<\/div>\n<\/li><\/ul>\n\n\n\n<\/div>\n\n<p><\/p>\n","protected":false},"excerpt":{"rendered":"<p>Urm\u0103toarea \u00eent\u00e2lnire de familie &#8211; s\u00e2mb\u0103t\u0103, 21 martie Dragi familii, Urm\u0103toarea \u00eent\u00e2lnire a familiilor va avea loc s\u00e2mb\u0103t\u0103,21 martie, la Mercure Nottingham Sherwood Hotel, NG5 2BT. Pute\u021bi participa la ora care v\u0103 convine, fie la 10.00-12.00, fie la 13.00-13.00. Cre\u0219a disponibil\u0103, parcare gratuit\u0103 la fa\u021ba locului, pr\u00e2nz oferit. R\u0103spunde\u021bi prin e-mail la events@donnaockenden.com. Evenimente anterioare<\/p>\n","protected":false},"author":1,"featured_media":0,"parent":0,"menu_order":0,"comment_status":"closed","ping_status":"closed","template":"page-narrow.blade.php","meta":{"_acf_changed":false,"footnotes":""},"class_list":["post-12395","page","type-page","status-publish","hentry"],"acf":[],"yoast_head":"<!-- This site is optimized with the Yoast SEO plugin v27.2 - https:\/\/yoast.com\/product\/yoast-seo-wordpress\/ -->\n<title>Evenimente - Ockenden Review<\/title>\n<meta name=\"robots\" content=\"index, follow, max-snippet:-1, max-image-preview:large, max-video-preview:-1\" \/>\n<link rel=\"canonical\" href=\"http:\/\/www.ockendenmaternityreview.org.uk\/nottingham-events\/\" \/>\n<meta property=\"og:locale\" content=\"ro_RO\" \/>\n<meta property=\"og:type\" content=\"article\" \/>\n<meta property=\"og:title\" content=\"Evenimente - Ockenden Review\" \/>\n<meta property=\"og:description\" content=\"Urm\u0103toarea \u00eent\u00e2lnire de familie &#8211; s\u00e2mb\u0103t\u0103, 21 martie Dragi familii, Urm\u0103toarea \u00eent\u00e2lnire a familiilor va avea loc s\u00e2mb\u0103t\u0103,21 martie, la Mercure Nottingham Sherwood Hotel, NG5 2BT. Pute\u021bi participa la ora care v\u0103 convine, fie la 10.00-12.00, fie la 13.00-13.00. Cre\u0219a disponibil\u0103, parcare gratuit\u0103 la fa\u021ba locului, pr\u00e2nz oferit. R\u0103spunde\u021bi prin e-mail la events@donnaockenden.com. Evenimente anterioare\" \/>\n<meta property=\"og:url\" content=\"http:\/\/www.ockendenmaternityreview.org.uk\/nottingham-events\/\" \/>\n<meta property=\"og:site_name\" content=\"Ockenden Review\" \/>\n<meta property=\"article:publisher\" content=\"https:\/\/www.facebook.com\/ockendenmaternityreview?mibextid=wwXIfr\" \/>\n<meta property=\"article:modified_time\" content=\"2026-03-24T14:29:20+00:00\" \/>\n<meta name=\"twitter:card\" content=\"summary_large_image\" \/>\n<meta name=\"twitter:site\" content=\"@ockreview\" \/>\n<script type=\"application\/ld+json\" class=\"yoast-schema-graph\">{\"@context\":\"https:\/\/schema.org\",\"@graph\":[{\"@type\":\"WebPage\",\"@id\":\"http:\/\/www.ockendenmaternityreview.org.uk\/nottingham-events\/\",\"url\":\"http:\/\/www.ockendenmaternityreview.org.uk\/nottingham-events\/\",\"name\":\"Evenimente - Ockenden Review\",\"isPartOf\":{\"@id\":\"http:\/\/www.ockendenmaternityreview.org.uk\/zh-hant\/#website\"},\"datePublished\":\"2026-01-08T15:47:01+00:00\",\"dateModified\":\"2026-03-24T14:29:20+00:00\",\"breadcrumb\":{\"@id\":\"http:\/\/www.ockendenmaternityreview.org.uk\/nottingham-events\/#breadcrumb\"},\"inLanguage\":\"ro-RO\",\"potentialAction\":[{\"@type\":\"ReadAction\",\"target\":[\"http:\/\/www.ockendenmaternityreview.org.uk\/nottingham-events\/\"]}]},{\"@type\":\"BreadcrumbList\",\"@id\":\"http:\/\/www.ockendenmaternityreview.org.uk\/nottingham-events\/#breadcrumb\",\"itemListElement\":[{\"@type\":\"ListItem\",\"position\":1,\"name\":\"Home\",\"item\":\"https:\/\/www.ockendenmaternityreview.org.uk\/ro\/\"},{\"@type\":\"ListItem\",\"position\":2,\"name\":\"Evenimente\"}]},{\"@type\":\"WebSite\",\"@id\":\"http:\/\/www.ockendenmaternityreview.org.uk\/zh-hant\/#website\",\"url\":\"http:\/\/www.ockendenmaternityreview.org.uk\/zh-hant\/\",\"name\":\"Ockenden Review\",\"description\":\"\",\"potentialAction\":[{\"@type\":\"SearchAction\",\"target\":{\"@type\":\"EntryPoint\",\"urlTemplate\":\"http:\/\/www.ockendenmaternityreview.org.uk\/zh-hant\/?s={search_term_string}\"},\"query-input\":{\"@type\":\"PropertyValueSpecification\",\"valueRequired\":true,\"valueName\":\"search_term_string\"}}],\"inLanguage\":\"ro-RO\"}]}<\/script>\n<!-- \/ Yoast SEO plugin. -->","yoast_head_json":{"title":"Evenimente - Ockenden Review","robots":{"index":"index","follow":"follow","max-snippet":"max-snippet:-1","max-image-preview":"max-image-preview:large","max-video-preview":"max-video-preview:-1"},"canonical":"http:\/\/www.ockendenmaternityreview.org.uk\/nottingham-events\/","og_locale":"ro_RO","og_type":"article","og_title":"Evenimente - Ockenden Review","og_description":"Urm\u0103toarea \u00eent\u00e2lnire de familie &#8211; s\u00e2mb\u0103t\u0103, 21 martie Dragi familii, Urm\u0103toarea \u00eent\u00e2lnire a familiilor va avea loc s\u00e2mb\u0103t\u0103,21 martie, la Mercure Nottingham Sherwood Hotel, NG5 2BT. Pute\u021bi participa la ora care v\u0103 convine, fie la 10.00-12.00, fie la 13.00-13.00. Cre\u0219a disponibil\u0103, parcare gratuit\u0103 la fa\u021ba locului, pr\u00e2nz oferit. R\u0103spunde\u021bi prin e-mail la events@donnaockenden.com. Evenimente anterioare","og_url":"http:\/\/www.ockendenmaternityreview.org.uk\/nottingham-events\/","og_site_name":"Ockenden Review","article_publisher":"https:\/\/www.facebook.com\/ockendenmaternityreview?mibextid=wwXIfr","article_modified_time":"2026-03-24T14:29:20+00:00","twitter_card":"summary_large_image","twitter_site":"@ockreview","schema":{"@context":"https:\/\/schema.org","@graph":[{"@type":"WebPage","@id":"http:\/\/www.ockendenmaternityreview.org.uk\/nottingham-events\/","url":"http:\/\/www.ockendenmaternityreview.org.uk\/nottingham-events\/","name":"Evenimente - Ockenden Review","isPartOf":{"@id":"http:\/\/www.ockendenmaternityreview.org.uk\/zh-hant\/#website"},"datePublished":"2026-01-08T15:47:01+00:00","dateModified":"2026-03-24T14:29:20+00:00","breadcrumb":{"@id":"http:\/\/www.ockendenmaternityreview.org.uk\/nottingham-events\/#breadcrumb"},"inLanguage":"ro-RO","potentialAction":[{"@type":"ReadAction","target":["http:\/\/www.ockendenmaternityreview.org.uk\/nottingham-events\/"]}]},{"@type":"BreadcrumbList","@id":"http:\/\/www.ockendenmaternityreview.org.uk\/nottingham-events\/#breadcrumb","itemListElement":[{"@type":"ListItem","position":1,"name":"Home","item":"https:\/\/www.ockendenmaternityreview.org.uk\/ro\/"},{"@type":"ListItem","position":2,"name":"Evenimente"}]},{"@type":"WebSite","@id":"http:\/\/www.ockendenmaternityreview.org.uk\/zh-hant\/#website","url":"http:\/\/www.ockendenmaternityreview.org.uk\/zh-hant\/","name":"Ockenden Review","description":"","potentialAction":[{"@type":"SearchAction","target":{"@type":"EntryPoint","urlTemplate":"http:\/\/www.ockendenmaternityreview.org.uk\/zh-hant\/?s={search_term_string}"},"query-input":{"@type":"PropertyValueSpecification","valueRequired":true,"valueName":"search_term_string"}}],"inLanguage":"ro-RO"}]}},"_links":{"self":[{"href":"https:\/\/www.ockendenmaternityreview.org.uk\/ro\/wp-json\/wp\/v2\/pages\/12395","targetHints":{"allow":["GET"]}}],"collection":[{"href":"https:\/\/www.ockendenmaternityreview.org.uk\/ro\/wp-json\/wp\/v2\/pages"}],"about":[{"href":"https:\/\/www.ockendenmaternityreview.org.uk\/ro\/wp-json\/wp\/v2\/types\/page"}],"author":[{"embeddable":true,"href":"https:\/\/www.ockendenmaternityreview.org.uk\/ro\/wp-json\/wp\/v2\/users\/1"}],"replies":[{"embeddable":true,"href":"https:\/\/www.ockendenmaternityreview.org.uk\/ro\/wp-json\/wp\/v2\/comments?post=12395"}],"version-history":[{"count":0,"href":"https:\/\/www.ockendenmaternityreview.org.uk\/ro\/wp-json\/wp\/v2\/pages\/12395\/revisions"}],"wp:attachment":[{"href":"https:\/\/www.ockendenmaternityreview.org.uk\/ro\/wp-json\/wp\/v2\/media?parent=12395"}],"curies":[{"name":"wp","href":"https:\/\/api.w.org\/{rel}","templated":true}]}}