{"id":12611,"date":"2026-01-08T15:46:46","date_gmt":"2026-01-08T15:46:46","guid":{"rendered":"https:\/\/ockendenmatdev.wpenginepowered.com\/gmc-si-nmc\/"},"modified":"2026-03-24T14:31:44","modified_gmt":"2026-03-24T14:31:44","slug":"gmc-si-nmc","status":"publish","type":"page","link":"https:\/\/www.ockendenmaternityreview.org.uk\/ro\/gmc-si-nmc\/","title":{"rendered":"GMC \u0219i NMC"},"content":{"rendered":"\n<p>General Medical Council (GMC) \u0219i Nursing and Midwifery Council (NMC) ofer\u0103 \u00eent\u00e2lniri virtuale \u0219i fa\u021b\u0103 \u00een fa\u021b\u0103 pentru familiile implicate \u00een Nottingham Maternity Review, care doresc s\u0103 \u00ee\u0219i exprime \u00eengrijorarea cu privire la un profesionist care este \u00eenregistrat la ei. GMC este autoritatea independent\u0103 de reglementare pentru medici, medici asocia\u021bi \u0219i anestezi\u0219ti asocia\u021bi. Sau NMC este autoritatea independent\u0103 de reglementare pentru asisten\u021bi medicali, moa\u0219e \u0219i asisten\u021bi medicali asocia\u021bi. Pute\u021bi rezerva o \u00eent\u00e2lnire utiliz\u00e2nd codul QR de mai jos sau f\u0103c\u00e2nd clic pe <a href=\"https:\/\/urldefense.com\/v3\/__https:\/outlook.office.com\/book\/Casesurgeriesresponse@Genmedcouncil.onmicrosoft.com\/?ismsaljsauthenabled__;!!IeEvfY6EA4c!yvBjg0aGadVWSSSFdUDWtL7ccyNQ6FkaNJV_cv3sLfb3tdOvavo3jCeDVh18sFG-68YvHj7u1PPkiH3E6BL_6XJp9Xcz9yy2Bg%24\">acest link<\/a>.   <\/p>\n\n<p>Odat\u0103 ce a\u021bi rezervat o \u00eent\u00e2lnire, ve\u021bi primi un e-mail de confirmare. GMC sau NMC v\u0103 vor contacta cu 2 s\u0103pt\u0103m\u00e2ni \u00eenainte de \u00eent\u00e2lnire pentru a se prezenta \u0219i a v\u0103 explica la ce s\u0103 v\u0103 a\u0219tepta\u021bi. <\/p>\n\n<p>Pute\u021bi trimite un e-mail la GMC pe <a href=\"mailto:Maternity@gmc-uk.org\">Maternity@gmc-uk.org<\/a> sau la NMC pe <a href=\"mailto:nottinghamformenquiries@nmc-uk.org\">nottinghamformenquiries@nmc-uk.org<\/a><\/p>\n\n<figure class=\"wp-block-image aligncenter is-resized mx-auto\"><img decoding=\"async\" src=\"https:\/\/www.ockendenmaternityreview.org.uk\/wp-content\/uploads\/2025\/11\/image.png\" alt=\"\" class=\"wp-image-9229\" style=\"width:299px;height:auto\"\/><\/figure>\n","protected":false},"excerpt":{"rendered":"<p>General Medical Council (GMC) \u0219i Nursing and Midwifery Council (NMC) ofer\u0103 \u00eent\u00e2lniri virtuale \u0219i fa\u021b\u0103 \u00een fa\u021b\u0103 pentru familiile implicate \u00een Nottingham Maternity Review, care doresc s\u0103 \u00ee\u0219i exprime \u00eengrijorarea cu privire la un profesionist care este \u00eenregistrat la ei. GMC este autoritatea independent\u0103 de reglementare pentru medici, medici asocia\u021bi \u0219i anestezi\u0219ti asocia\u021bi. Sau NMC &hellip; <a href=\"https:\/\/www.ockendenmaternityreview.org.uk\/ro\/gmc-si-nmc\/\">Continued<\/a><\/p>\n","protected":false},"author":1,"featured_media":0,"parent":0,"menu_order":0,"comment_status":"closed","ping_status":"closed","template":"page-narrow.blade.php","meta":{"_acf_changed":false,"footnotes":""},"class_list":["post-12611","page","type-page","status-publish","hentry"],"acf":[],"yoast_head":"<!-- This site is optimized with the Yoast SEO plugin v27.2 - https:\/\/yoast.com\/product\/yoast-seo-wordpress\/ -->\n<title>GMC \u0219i NMC - Ockenden Review<\/title>\n<meta name=\"robots\" content=\"index, follow, max-snippet:-1, max-image-preview:large, max-video-preview:-1\" \/>\n<link rel=\"canonical\" href=\"http:\/\/www.ockendenmaternityreview.org.uk\/nottingham-gmc-and-nmc\/\" \/>\n<meta property=\"og:locale\" content=\"ro_RO\" \/>\n<meta property=\"og:type\" content=\"article\" \/>\n<meta property=\"og:title\" content=\"GMC \u0219i NMC - Ockenden Review\" \/>\n<meta property=\"og:description\" content=\"General Medical Council (GMC) \u0219i Nursing and Midwifery Council (NMC) ofer\u0103 \u00eent\u00e2lniri virtuale \u0219i fa\u021b\u0103 \u00een fa\u021b\u0103 pentru familiile implicate \u00een Nottingham Maternity Review, care doresc s\u0103 \u00ee\u0219i exprime \u00eengrijorarea cu privire la un profesionist care este \u00eenregistrat la ei. GMC este autoritatea independent\u0103 de reglementare pentru medici, medici asocia\u021bi \u0219i anestezi\u0219ti asocia\u021bi. Sau NMC &hellip; Continued\" \/>\n<meta property=\"og:url\" content=\"http:\/\/www.ockendenmaternityreview.org.uk\/nottingham-gmc-and-nmc\/\" \/>\n<meta property=\"og:site_name\" content=\"Ockenden Review\" \/>\n<meta property=\"article:publisher\" content=\"https:\/\/www.facebook.com\/ockendenmaternityreview?mibextid=wwXIfr\" \/>\n<meta property=\"article:modified_time\" content=\"2026-03-24T14:31:44+00:00\" \/>\n<meta property=\"og:image\" content=\"https:\/\/www.ockendenmaternityreview.org.uk\/wp-content\/uploads\/2025\/11\/image.png\" \/>\n<meta name=\"twitter:card\" content=\"summary_large_image\" \/>\n<meta name=\"twitter:site\" content=\"@ockreview\" \/>\n<meta name=\"twitter:label1\" content=\"Timp estimat pentru citire\" \/>\n\t<meta name=\"twitter:data1\" content=\"1 minut\" \/>\n<script type=\"application\/ld+json\" class=\"yoast-schema-graph\">{\"@context\":\"https:\/\/schema.org\",\"@graph\":[{\"@type\":\"WebPage\",\"@id\":\"http:\/\/www.ockendenmaternityreview.org.uk\/nottingham-gmc-and-nmc\/\",\"url\":\"http:\/\/www.ockendenmaternityreview.org.uk\/nottingham-gmc-and-nmc\/\",\"name\":\"GMC \u0219i NMC - Ockenden Review\",\"isPartOf\":{\"@id\":\"https:\/\/www.ockendenmaternityreview.org.uk\/ku\/#website\"},\"primaryImageOfPage\":{\"@id\":\"http:\/\/www.ockendenmaternityreview.org.uk\/nottingham-gmc-and-nmc\/#primaryimage\"},\"image\":{\"@id\":\"http:\/\/www.ockendenmaternityreview.org.uk\/nottingham-gmc-and-nmc\/#primaryimage\"},\"thumbnailUrl\":\"https:\/\/www.ockendenmaternityreview.org.uk\/wp-content\/uploads\/2025\/11\/image.png\",\"datePublished\":\"2026-01-08T15:46:46+00:00\",\"dateModified\":\"2026-03-24T14:31:44+00:00\",\"breadcrumb\":{\"@id\":\"http:\/\/www.ockendenmaternityreview.org.uk\/nottingham-gmc-and-nmc\/#breadcrumb\"},\"inLanguage\":\"ro-RO\",\"potentialAction\":[{\"@type\":\"ReadAction\",\"target\":[\"http:\/\/www.ockendenmaternityreview.org.uk\/nottingham-gmc-and-nmc\/\"]}]},{\"@type\":\"ImageObject\",\"inLanguage\":\"ro-RO\",\"@id\":\"http:\/\/www.ockendenmaternityreview.org.uk\/nottingham-gmc-and-nmc\/#primaryimage\",\"url\":\"https:\/\/www.ockendenmaternityreview.org.uk\/wp-content\/uploads\/2025\/11\/image.png\",\"contentUrl\":\"https:\/\/www.ockendenmaternityreview.org.uk\/wp-content\/uploads\/2025\/11\/image.png\"},{\"@type\":\"BreadcrumbList\",\"@id\":\"http:\/\/www.ockendenmaternityreview.org.uk\/nottingham-gmc-and-nmc\/#breadcrumb\",\"itemListElement\":[{\"@type\":\"ListItem\",\"position\":1,\"name\":\"Home\",\"item\":\"https:\/\/www.ockendenmaternityreview.org.uk\/ro\/\"},{\"@type\":\"ListItem\",\"position\":2,\"name\":\"GMC \u0219i NMC\"}]},{\"@type\":\"WebSite\",\"@id\":\"https:\/\/www.ockendenmaternityreview.org.uk\/ku\/#website\",\"url\":\"https:\/\/www.ockendenmaternityreview.org.uk\/ku\/\",\"name\":\"Ockenden Review\",\"description\":\"\",\"potentialAction\":[{\"@type\":\"SearchAction\",\"target\":{\"@type\":\"EntryPoint\",\"urlTemplate\":\"https:\/\/www.ockendenmaternityreview.org.uk\/ku\/?s={search_term_string}\"},\"query-input\":{\"@type\":\"PropertyValueSpecification\",\"valueRequired\":true,\"valueName\":\"search_term_string\"}}],\"inLanguage\":\"ro-RO\"}]}<\/script>\n<!-- \/ Yoast SEO plugin. -->","yoast_head_json":{"title":"GMC \u0219i NMC - Ockenden Review","robots":{"index":"index","follow":"follow","max-snippet":"max-snippet:-1","max-image-preview":"max-image-preview:large","max-video-preview":"max-video-preview:-1"},"canonical":"http:\/\/www.ockendenmaternityreview.org.uk\/nottingham-gmc-and-nmc\/","og_locale":"ro_RO","og_type":"article","og_title":"GMC \u0219i NMC - Ockenden Review","og_description":"General Medical Council (GMC) \u0219i Nursing and Midwifery Council (NMC) ofer\u0103 \u00eent\u00e2lniri virtuale \u0219i fa\u021b\u0103 \u00een fa\u021b\u0103 pentru familiile implicate \u00een Nottingham Maternity Review, care doresc s\u0103 \u00ee\u0219i exprime \u00eengrijorarea cu privire la un profesionist care este \u00eenregistrat la ei. GMC este autoritatea independent\u0103 de reglementare pentru medici, medici asocia\u021bi \u0219i anestezi\u0219ti asocia\u021bi. Sau NMC &hellip; Continued","og_url":"http:\/\/www.ockendenmaternityreview.org.uk\/nottingham-gmc-and-nmc\/","og_site_name":"Ockenden Review","article_publisher":"https:\/\/www.facebook.com\/ockendenmaternityreview?mibextid=wwXIfr","article_modified_time":"2026-03-24T14:31:44+00:00","og_image":[{"url":"https:\/\/www.ockendenmaternityreview.org.uk\/wp-content\/uploads\/2025\/11\/image.png","type":"","width":"","height":""}],"twitter_card":"summary_large_image","twitter_site":"@ockreview","twitter_misc":{"Timp estimat pentru citire":"1 minut"},"schema":{"@context":"https:\/\/schema.org","@graph":[{"@type":"WebPage","@id":"http:\/\/www.ockendenmaternityreview.org.uk\/nottingham-gmc-and-nmc\/","url":"http:\/\/www.ockendenmaternityreview.org.uk\/nottingham-gmc-and-nmc\/","name":"GMC \u0219i NMC - Ockenden Review","isPartOf":{"@id":"https:\/\/www.ockendenmaternityreview.org.uk\/ku\/#website"},"primaryImageOfPage":{"@id":"http:\/\/www.ockendenmaternityreview.org.uk\/nottingham-gmc-and-nmc\/#primaryimage"},"image":{"@id":"http:\/\/www.ockendenmaternityreview.org.uk\/nottingham-gmc-and-nmc\/#primaryimage"},"thumbnailUrl":"https:\/\/www.ockendenmaternityreview.org.uk\/wp-content\/uploads\/2025\/11\/image.png","datePublished":"2026-01-08T15:46:46+00:00","dateModified":"2026-03-24T14:31:44+00:00","breadcrumb":{"@id":"http:\/\/www.ockendenmaternityreview.org.uk\/nottingham-gmc-and-nmc\/#breadcrumb"},"inLanguage":"ro-RO","potentialAction":[{"@type":"ReadAction","target":["http:\/\/www.ockendenmaternityreview.org.uk\/nottingham-gmc-and-nmc\/"]}]},{"@type":"ImageObject","inLanguage":"ro-RO","@id":"http:\/\/www.ockendenmaternityreview.org.uk\/nottingham-gmc-and-nmc\/#primaryimage","url":"https:\/\/www.ockendenmaternityreview.org.uk\/wp-content\/uploads\/2025\/11\/image.png","contentUrl":"https:\/\/www.ockendenmaternityreview.org.uk\/wp-content\/uploads\/2025\/11\/image.png"},{"@type":"BreadcrumbList","@id":"http:\/\/www.ockendenmaternityreview.org.uk\/nottingham-gmc-and-nmc\/#breadcrumb","itemListElement":[{"@type":"ListItem","position":1,"name":"Home","item":"https:\/\/www.ockendenmaternityreview.org.uk\/ro\/"},{"@type":"ListItem","position":2,"name":"GMC \u0219i NMC"}]},{"@type":"WebSite","@id":"https:\/\/www.ockendenmaternityreview.org.uk\/ku\/#website","url":"https:\/\/www.ockendenmaternityreview.org.uk\/ku\/","name":"Ockenden Review","description":"","potentialAction":[{"@type":"SearchAction","target":{"@type":"EntryPoint","urlTemplate":"https:\/\/www.ockendenmaternityreview.org.uk\/ku\/?s={search_term_string}"},"query-input":{"@type":"PropertyValueSpecification","valueRequired":true,"valueName":"search_term_string"}}],"inLanguage":"ro-RO"}]}},"_links":{"self":[{"href":"https:\/\/www.ockendenmaternityreview.org.uk\/ro\/wp-json\/wp\/v2\/pages\/12611","targetHints":{"allow":["GET"]}}],"collection":[{"href":"https:\/\/www.ockendenmaternityreview.org.uk\/ro\/wp-json\/wp\/v2\/pages"}],"about":[{"href":"https:\/\/www.ockendenmaternityreview.org.uk\/ro\/wp-json\/wp\/v2\/types\/page"}],"author":[{"embeddable":true,"href":"https:\/\/www.ockendenmaternityreview.org.uk\/ro\/wp-json\/wp\/v2\/users\/1"}],"replies":[{"embeddable":true,"href":"https:\/\/www.ockendenmaternityreview.org.uk\/ro\/wp-json\/wp\/v2\/comments?post=12611"}],"version-history":[{"count":0,"href":"https:\/\/www.ockendenmaternityreview.org.uk\/ro\/wp-json\/wp\/v2\/pages\/12611\/revisions"}],"wp:attachment":[{"href":"https:\/\/www.ockendenmaternityreview.org.uk\/ro\/wp-json\/wp\/v2\/media?parent=12611"}],"curies":[{"name":"wp","href":"https:\/\/api.w.org\/{rel}","templated":true}]}}