{"id":12730,"date":"2026-01-08T15:33:58","date_gmt":"2026-01-08T15:33:58","guid":{"rendered":"https:\/\/ockendenmatdev.wpenginepowered.com\/sprijin-pentru-personal-2\/"},"modified":"2026-03-24T14:42:49","modified_gmt":"2026-03-24T14:42:49","slug":"sprijin-pentru-personal-2","status":"publish","type":"page","link":"https:\/\/www.ockendenmaternityreview.org.uk\/ro\/sprijin-pentru-personal-2\/","title":{"rendered":"Sprijin pentru personal"},"content":{"rendered":"\n<h2 class=\"wp-block-heading\">Aici pentru a ajuta<\/h2>\n\n<p>(Informa\u021bii furnizate de Nottingham University Hospitals NHS Trust pentru personalul din aprilie 2023)<\/p>\n\n<h2 class=\"wp-block-heading\">Clinic<\/h2>\n\n<p><strong>Incidente legate de siguran\u021ba pacien\u021bilor, Mediu\/cultura, Rota\/ore, Supraveghere<\/strong><\/p>\n\n<div class=\"wp-block-columns is-layout-flex wp-container-core-columns-is-layout-9d6595d7 wp-block-columns-is-layout-flex\">\n<div class=\"wp-block-column is-layout-flow wp-block-column-is-layout-flow\">\n<ul class=\"wp-block-list\">\n<li>Supraveghetor clinic<\/li>\n\n\n\n<li>\u0218ef de serviciu<\/li>\n\n\n\n<li>Datix<\/li>\n\n\n\n<li>Libertatea de exprimare &#8211; freedomtospeakupguardian@nuh.nhs.uk<\/li>\n<\/ul>\n<\/div>\n\n\n\n<div class=\"wp-block-column is-layout-flow wp-block-column-is-layout-flow\">\n<ul class=\"wp-block-list\">\n<li>Campion al demnit\u0103\u021bii la locul de munc\u0103<\/li>\n\n\n\n<li>Gardianul lucrului \u00een siguran\u021b\u0103 (GoSW)<\/li>\n\n\n\n<li>Coordonator medic debutant<\/li>\n<\/ul>\n<\/div>\n<\/div>\n\n<h2 class=\"wp-block-heading\">Formare profesional\u0103<\/h2>\n\n<p><strong>Predarea la locul de munc\u0103, Portofoliu\/ARPC, Examene<\/strong><\/p>\n\n<div class=\"wp-block-columns is-layout-flex wp-container-core-columns-is-layout-9d6595d7 wp-block-columns-is-layout-flex\">\n<div class=\"wp-block-column is-layout-flow wp-block-column-is-layout-flow\">\n<ul class=\"wp-block-list\">\n<li>Supraveghetor educa\u021bional<\/li>\n\n\n\n<li>Departamentul de educa\u021bie medical\u0103 postuniversitar\u0103 (PMED) &#8211; int. 81730 (QMC) sau 76758 (ora\u0219)<\/li>\n\n\n\n<li>Reprezentant stagiar<\/li>\n<\/ul>\n<\/div>\n\n\n\n<div class=\"wp-block-column is-layout-flow wp-block-column-is-layout-flow\">\n<ul class=\"wp-block-list\">\n<li>Director de program de formare (TPD)\/\u0218ef de \u0219coal\u0103 (HOSch)<\/li>\n\n\n\n<li>Asisten\u021b\u0103 profesional\u0103 \u0219i bun\u0103stare (PSW)\/Health Education England, East Midlands (HEE)<\/li>\n<\/ul>\n<\/div>\n<\/div>\n\n<h2 class=\"wp-block-heading\">Personal<\/h2>\n\n<p><strong>Bani, S\u0103n\u0103tate fizic\u0103\/mental\u0103, Alcool\/Droguri\/fumat, Cas\u0103\/familie<\/strong><\/p>\n\n<div class=\"wp-block-columns is-layout-flex wp-container-core-columns-is-layout-9d6595d7 wp-block-columns-is-layout-flex\">\n<div class=\"wp-block-column is-layout-flow wp-block-column-is-layout-flow\">\n<ul class=\"wp-block-list\">\n<li>Familie<\/li>\n\n\n\n<li>Supraveghetor\/coleg\u0103<\/li>\n\n\n\n<li>Pagina web privind bun\u0103starea personalului NUH<\/li>\n\n\n\n<li>Programul de asisten\u021b\u0103 pentru angaja\u021bi (EAP) &#8211; 0800 783 2808<\/li>\n\n\n\n<li>S\u0103n\u0103tate ocupa\u021bional\u0103 (OH) &#8211; 56646 \/ nottmocchealth@nuh.nhs.uk<\/li>\n<\/ul>\n<\/div>\n\n\n\n<div class=\"wp-block-column is-layout-flow wp-block-column-is-layout-flow\">\n<ul class=\"wp-block-list\">\n<li>For\u021ba de munc\u0103 medical\u0103<\/li>\n\n\n\n<li>Asisten\u021b\u0103 profesional\u0103 \u0219i bun\u0103stare (PSW) &#8211; psw.em@hee.nhs.uk<\/li>\n\n\n\n<li>Uniunea<\/li>\n<\/ul>\n<\/div>\n<\/div>\n\n<h2 class=\"wp-block-heading\">Pentru oricare dintre acestea a\u021bi putea vorbi \u0219i cu:<\/h2>\n\n<p>Coleg, mentor, Junior Doctor&#8217;s Forum (JDF), Junior Doctor Liaison Officer (JDLO) JuniorDoctorLiaisonOfficer@nuh.nhs.uk sau profesor universitar<\/p>\n\n<h3 class=\"wp-block-heading\">Primul punct de contact:<\/h3>\n\n<p><strong>Medici tineri &#8211; <\/strong>Ofi\u021ber de leg\u0103tur\u0103 cu medicii tineri, Nina Lacovitte<\/p>\n\n<p><strong>Moa\u0219e &#8211; <\/strong>PMA ca prim punct de contact cu sprijinul psihologiei clinice<\/p>\n\n<p><strong>Toate &#8211;<\/strong> EAP prin intranet sau direct la psihologia clinic\u0103<\/p>\n\n<div style=\"height:50px\" aria-hidden=\"true\" class=\"wp-block-spacer\"><\/div>\n\n<h2 class=\"wp-block-heading\">Unde g\u0103si\u021bi consiliere \u0219i sprijin pentru personal maternitatea 2023<\/h2>\n\n<p>Pentru a afla mai multe despre serviciile de bun\u0103stare a personalului, vizita\u021bi: www.nuh.nhs.uk\/staff-wellbeing<\/p>\n\n<p>staffwellbeing@nuh.nhs.uk | 0115 924 9924 x84771 | @SWBNUH<\/p>\n\n<div style=\"height:20px\" aria-hidden=\"true\" class=\"wp-block-spacer\"><\/div>\n\n<div class=\"wp-block-columns is-layout-flex wp-container-core-columns-is-layout-9d6595d7 wp-block-columns-is-layout-flex\">\n<div class=\"wp-block-column is-layout-flow wp-block-column-is-layout-flow\">\n<p><strong>Consultan\u021b\u0103 financiar\u0103<\/strong><\/p>\n\n\n\n<ul class=\"wp-block-list\">\n<li>https:\/\/www.nuh.nhs.uk\/financial-wellbeing<\/li>\n<\/ul>\n\n\n\n<p><strong>Consiliere\/sprijin pentru s\u0103n\u0103tatea mintal\u0103<\/strong><\/p>\n\n\n\n<ul class=\"wp-block-list\">\n<li>Asigurarea s\u0103n\u0103t\u0103\u021bii 0800 783 2808<\/li>\n\n\n\n<li>https:\/\/www.nuh.nhs.uk\/mentalhealth<\/li>\n<\/ul>\n\n\n\n<p><strong>Consiliere<\/strong><\/p>\n\n\n\n<ul class=\"wp-block-list\">\n<li>Asigurarea s\u0103n\u0103t\u0103\u021bii 0800 783 2808<\/li>\n\n\n\n<li>OH Consiliere x76646<\/li>\n<\/ul>\n\n\n\n<p><strong>Sprijin spiritual<\/strong><\/p>\n\n\n\n<ul class=\"wp-block-list\">\n<li>contactachaplain@nuh.nhs.uk<\/li>\n\n\n\n<li>x83799 (QMC) x76187 (ora\u0219)<\/li>\n<\/ul>\n\n\n\n<p><strong>Incident traumatic la locul de munc\u0103<\/strong><\/p>\n\n\n\n<ul class=\"wp-block-list\">\n<li>SISS@nuh.nhs.uk<\/li>\n<\/ul>\n\n\n\n<p><strong>Consultan\u021b\u0103 juridic\u0103<\/strong><\/p>\n\n\n\n<ul class=\"wp-block-list\">\n<li>Asigurarea s\u0103n\u0103t\u0103\u021bii 0800 783 2808<\/li>\n<\/ul>\n\n\n\n<p><strong>Sfaturi pentru manageri<\/strong><\/p>\n\n\n\n<ul class=\"wp-block-list\">\n<li>Asigurarea s\u0103n\u0103t\u0103\u021bii 0800 783 2808<\/li>\n\n\n\n<li>nuhacademy@nuh.nhs.uk<\/li>\n<\/ul>\n<\/div>\n\n\n\n<div class=\"wp-block-column is-layout-flow wp-block-column-is-layout-flow\">\n<p><strong>Criz\u0103 de s\u0103n\u0103tate mintal\u0103<\/strong><\/p>\n\n\n\n<ul class=\"wp-block-list\">\n<li>0808 196 3779<\/li>\n\n\n\n<li>116 123<\/li>\n<\/ul>\n\n\n\n<p><strong>Sprijin profesional (moa\u0219e)<\/strong><\/p>\n\n\n\n<ul class=\"wp-block-list\">\n<li>askaPMA@nuh.nhs.uk<\/li>\n<\/ul>\n\n\n\n<p><strong>Anchet\u0103\/SI Suport<\/strong><\/p>\n\n\n\n<ul class=\"wp-block-list\">\n<li>NUHSoS@nuh.nhs.uk<\/li>\n<\/ul>\n\n\n\n<p><strong>Medici debutan\u021bi<\/strong><\/p>\n\n\n\n<ul class=\"wp-block-list\">\n<li>JuniorDoctorLiaisonOfficer@nuh.nhs.uk<\/li>\n<\/ul>\n\n\n\n<p><strong>Nu sunt sigur<\/strong><\/p>\n\n\n\n<ul class=\"wp-block-list\">\n<li>Discuta\u021bi cu managerul dvs.<\/li>\n\n\n\n<li>Asigurarea s\u0103n\u0103t\u0103\u021bii 0800 783 2808<\/li>\n\n\n\n<li>staffwellbeing@nuh.nhs.uk \/ x84771<\/li>\n\n\n\n<li>FreedomtoSpeakUpGuardian@nuh.nhs.uk<\/li>\n<\/ul>\n<\/div>\n<\/div>\n\n<p><\/p>\n","protected":false},"excerpt":{"rendered":"<p>Aici pentru a ajuta (Informa\u021bii furnizate de Nottingham University Hospitals NHS Trust pentru personalul din aprilie 2023) Clinic Incidente legate de siguran\u021ba pacien\u021bilor, Mediu\/cultura, Rota\/ore, Supraveghere Formare profesional\u0103 Predarea la locul de munc\u0103, Portofoliu\/ARPC, Examene Personal Bani, S\u0103n\u0103tate fizic\u0103\/mental\u0103, Alcool\/Droguri\/fumat, Cas\u0103\/familie Pentru oricare dintre acestea a\u021bi putea vorbi \u0219i cu: Coleg, mentor, Junior Doctor&#8217;s Forum &hellip; <a href=\"https:\/\/www.ockendenmaternityreview.org.uk\/ro\/sprijin-pentru-personal-2\/\">Continued<\/a><\/p>\n","protected":false},"author":1,"featured_media":0,"parent":0,"menu_order":0,"comment_status":"closed","ping_status":"closed","template":"page-narrow.blade.php","meta":{"_acf_changed":false,"footnotes":""},"class_list":["post-12730","page","type-page","status-publish","hentry"],"acf":[],"yoast_head":"<!-- This site is optimized with the Yoast SEO plugin v27.2 - https:\/\/yoast.com\/product\/yoast-seo-wordpress\/ -->\n<title>Sprijin pentru personal - Ockenden Review<\/title>\n<meta name=\"robots\" content=\"index, follow, max-snippet:-1, max-image-preview:large, max-video-preview:-1\" \/>\n<link rel=\"canonical\" href=\"https:\/\/www.ockendenmaternityreview.org.uk\/ro\/sprijin-pentru-personal-2\/\" \/>\n<meta property=\"og:locale\" content=\"ro_RO\" \/>\n<meta property=\"og:type\" content=\"article\" \/>\n<meta property=\"og:title\" content=\"Sprijin pentru personal - Ockenden Review\" \/>\n<meta property=\"og:description\" content=\"Aici pentru a ajuta (Informa\u021bii furnizate de Nottingham University Hospitals NHS Trust pentru personalul din aprilie 2023) Clinic Incidente legate de siguran\u021ba pacien\u021bilor, Mediu\/cultura, Rota\/ore, Supraveghere Formare profesional\u0103 Predarea la locul de munc\u0103, Portofoliu\/ARPC, Examene Personal Bani, S\u0103n\u0103tate fizic\u0103\/mental\u0103, Alcool\/Droguri\/fumat, Cas\u0103\/familie Pentru oricare dintre acestea a\u021bi putea vorbi \u0219i cu: Coleg, mentor, Junior Doctor&#8217;s Forum &hellip; Continued\" \/>\n<meta property=\"og:url\" content=\"https:\/\/www.ockendenmaternityreview.org.uk\/ro\/sprijin-pentru-personal-2\/\" \/>\n<meta property=\"og:site_name\" content=\"Ockenden Review\" \/>\n<meta property=\"article:publisher\" content=\"https:\/\/www.facebook.com\/ockendenmaternityreview?mibextid=wwXIfr\" \/>\n<meta property=\"article:modified_time\" content=\"2026-03-24T14:42:49+00:00\" \/>\n<meta name=\"twitter:card\" content=\"summary_large_image\" \/>\n<meta name=\"twitter:site\" content=\"@ockreview\" \/>\n<meta name=\"twitter:label1\" content=\"Timp estimat pentru citire\" \/>\n\t<meta name=\"twitter:data1\" content=\"2 minute\" \/>\n<script type=\"application\/ld+json\" class=\"yoast-schema-graph\">{\"@context\":\"https:\/\/schema.org\",\"@graph\":[{\"@type\":\"WebPage\",\"@id\":\"https:\/\/www.ockendenmaternityreview.org.uk\/ro\/sprijin-pentru-personal-2\/\",\"url\":\"https:\/\/www.ockendenmaternityreview.org.uk\/ro\/sprijin-pentru-personal-2\/\",\"name\":\"Sprijin pentru personal - Ockenden Review\",\"isPartOf\":{\"@id\":\"https:\/\/www.ockendenmaternityreview.org.uk\/pa\/#website\"},\"datePublished\":\"2026-01-08T15:33:58+00:00\",\"dateModified\":\"2026-03-24T14:42:49+00:00\",\"breadcrumb\":{\"@id\":\"https:\/\/www.ockendenmaternityreview.org.uk\/ro\/sprijin-pentru-personal-2\/#breadcrumb\"},\"inLanguage\":\"ro-RO\",\"potentialAction\":[{\"@type\":\"ReadAction\",\"target\":[\"https:\/\/www.ockendenmaternityreview.org.uk\/ro\/sprijin-pentru-personal-2\/\"]}]},{\"@type\":\"BreadcrumbList\",\"@id\":\"https:\/\/www.ockendenmaternityreview.org.uk\/ro\/sprijin-pentru-personal-2\/#breadcrumb\",\"itemListElement\":[{\"@type\":\"ListItem\",\"position\":1,\"name\":\"Home\",\"item\":\"https:\/\/www.ockendenmaternityreview.org.uk\/ro\/\"},{\"@type\":\"ListItem\",\"position\":2,\"name\":\"Sprijin pentru personal\"}]},{\"@type\":\"WebSite\",\"@id\":\"https:\/\/www.ockendenmaternityreview.org.uk\/pa\/#website\",\"url\":\"https:\/\/www.ockendenmaternityreview.org.uk\/pa\/\",\"name\":\"Ockenden Review\",\"description\":\"\",\"potentialAction\":[{\"@type\":\"SearchAction\",\"target\":{\"@type\":\"EntryPoint\",\"urlTemplate\":\"https:\/\/www.ockendenmaternityreview.org.uk\/pa\/?s={search_term_string}\"},\"query-input\":{\"@type\":\"PropertyValueSpecification\",\"valueRequired\":true,\"valueName\":\"search_term_string\"}}],\"inLanguage\":\"ro-RO\"}]}<\/script>\n<!-- \/ Yoast SEO plugin. -->","yoast_head_json":{"title":"Sprijin pentru personal - Ockenden Review","robots":{"index":"index","follow":"follow","max-snippet":"max-snippet:-1","max-image-preview":"max-image-preview:large","max-video-preview":"max-video-preview:-1"},"canonical":"https:\/\/www.ockendenmaternityreview.org.uk\/ro\/sprijin-pentru-personal-2\/","og_locale":"ro_RO","og_type":"article","og_title":"Sprijin pentru personal - Ockenden Review","og_description":"Aici pentru a ajuta (Informa\u021bii furnizate de Nottingham University Hospitals NHS Trust pentru personalul din aprilie 2023) Clinic Incidente legate de siguran\u021ba pacien\u021bilor, Mediu\/cultura, Rota\/ore, Supraveghere Formare profesional\u0103 Predarea la locul de munc\u0103, Portofoliu\/ARPC, Examene Personal Bani, S\u0103n\u0103tate fizic\u0103\/mental\u0103, Alcool\/Droguri\/fumat, Cas\u0103\/familie Pentru oricare dintre acestea a\u021bi putea vorbi \u0219i cu: Coleg, mentor, Junior Doctor&#8217;s Forum &hellip; Continued","og_url":"https:\/\/www.ockendenmaternityreview.org.uk\/ro\/sprijin-pentru-personal-2\/","og_site_name":"Ockenden Review","article_publisher":"https:\/\/www.facebook.com\/ockendenmaternityreview?mibextid=wwXIfr","article_modified_time":"2026-03-24T14:42:49+00:00","twitter_card":"summary_large_image","twitter_site":"@ockreview","twitter_misc":{"Timp estimat pentru citire":"2 minute"},"schema":{"@context":"https:\/\/schema.org","@graph":[{"@type":"WebPage","@id":"https:\/\/www.ockendenmaternityreview.org.uk\/ro\/sprijin-pentru-personal-2\/","url":"https:\/\/www.ockendenmaternityreview.org.uk\/ro\/sprijin-pentru-personal-2\/","name":"Sprijin pentru personal - Ockenden Review","isPartOf":{"@id":"https:\/\/www.ockendenmaternityreview.org.uk\/pa\/#website"},"datePublished":"2026-01-08T15:33:58+00:00","dateModified":"2026-03-24T14:42:49+00:00","breadcrumb":{"@id":"https:\/\/www.ockendenmaternityreview.org.uk\/ro\/sprijin-pentru-personal-2\/#breadcrumb"},"inLanguage":"ro-RO","potentialAction":[{"@type":"ReadAction","target":["https:\/\/www.ockendenmaternityreview.org.uk\/ro\/sprijin-pentru-personal-2\/"]}]},{"@type":"BreadcrumbList","@id":"https:\/\/www.ockendenmaternityreview.org.uk\/ro\/sprijin-pentru-personal-2\/#breadcrumb","itemListElement":[{"@type":"ListItem","position":1,"name":"Home","item":"https:\/\/www.ockendenmaternityreview.org.uk\/ro\/"},{"@type":"ListItem","position":2,"name":"Sprijin pentru personal"}]},{"@type":"WebSite","@id":"https:\/\/www.ockendenmaternityreview.org.uk\/pa\/#website","url":"https:\/\/www.ockendenmaternityreview.org.uk\/pa\/","name":"Ockenden Review","description":"","potentialAction":[{"@type":"SearchAction","target":{"@type":"EntryPoint","urlTemplate":"https:\/\/www.ockendenmaternityreview.org.uk\/pa\/?s={search_term_string}"},"query-input":{"@type":"PropertyValueSpecification","valueRequired":true,"valueName":"search_term_string"}}],"inLanguage":"ro-RO"}]}},"_links":{"self":[{"href":"https:\/\/www.ockendenmaternityreview.org.uk\/ro\/wp-json\/wp\/v2\/pages\/12730","targetHints":{"allow":["GET"]}}],"collection":[{"href":"https:\/\/www.ockendenmaternityreview.org.uk\/ro\/wp-json\/wp\/v2\/pages"}],"about":[{"href":"https:\/\/www.ockendenmaternityreview.org.uk\/ro\/wp-json\/wp\/v2\/types\/page"}],"author":[{"embeddable":true,"href":"https:\/\/www.ockendenmaternityreview.org.uk\/ro\/wp-json\/wp\/v2\/users\/1"}],"replies":[{"embeddable":true,"href":"https:\/\/www.ockendenmaternityreview.org.uk\/ro\/wp-json\/wp\/v2\/comments?post=12730"}],"version-history":[{"count":0,"href":"https:\/\/www.ockendenmaternityreview.org.uk\/ro\/wp-json\/wp\/v2\/pages\/12730\/revisions"}],"wp:attachment":[{"href":"https:\/\/www.ockendenmaternityreview.org.uk\/ro\/wp-json\/wp\/v2\/media?parent=12730"}],"curies":[{"name":"wp","href":"https:\/\/api.w.org\/{rel}","templated":true}]}}