{"id":13457,"date":"2026-03-31T10:28:11","date_gmt":"2026-03-31T10:28:11","guid":{"rendered":"https:\/\/www.ockendenmaternityreview.org.uk\/fpss-intrebari-frecvente\/"},"modified":"2026-04-07T10:37:00","modified_gmt":"2026-04-07T10:37:00","slug":"fpss-intrebari-frecvente","status":"publish","type":"page","link":"https:\/\/www.ockendenmaternityreview.org.uk\/ro\/fpss-intrebari-frecvente\/","title":{"rendered":"FPSS \u00centreb\u0103ri frecvente"},"content":{"rendered":"\n<p>R\u0103spunsuri la c\u00e2teva \u00eentreb\u0103ri frecvente adresate familiilor<\/p>\n\n<h2 class=\"wp-block-heading\">Care sunt obiectivele serviciului?<\/h2>\n\n<p>Pentru a oferi sprijin psihologic specializat \u0219i centrat pe persoan\u0103 familiilor care fac parte din revizuirea independent\u0103 a serviciilor de maternitate la Nottingham University Hospitals NHS Trust.<\/p>\n\n<h2 class=\"wp-block-heading\">Cine furnizeaz\u0103 serviciul?<\/h2>\n\n<p>O echip\u0103 dedicat\u0103 de terapeu\u021bi psihologici cu experien\u021b\u0103 specializat\u0103 \u00een lucrul cu familiile ale c\u0103ror vie\u021bi au fost afectate de suferin\u021ba \u0219i trauma experien\u021belor lor de maternitate. Serviciul este furnizat de Condition Management Company \u0219i se nume\u0219te Family Psychological Support Service (FPSS).<\/p>\n\n<h2 class=\"wp-block-heading\">Cine poate accesa serviciul?<\/h2>\n\n<p>Serviciul este destinat tuturor familiilor care fac parte din revizuirea independent\u0103 a serviciilor de maternitate de la Nottingham University Hospitals NHS Trust. Orice persoan\u0103 din cadrul familiei poate accesa serviciul, inclusiv p\u0103rin\u021bii \u0219i \u00eengrijitorii, fra\u021bii (inclusiv cei sub 18 ani) \u0219i al\u021bi membri ai familiei, cum ar fi bunicii.<\/p>\n\n<h2 class=\"wp-block-heading\">Cum pot accesa serviciul?<\/h2>\n\n<p>Recomand\u0103rile pot fi f\u0103cute prin intermediul profesioni\u0219tilor sau auto-recomand\u0103rii sun\u00e2nd la 0115 200 1000 sau prin e-mail la <a href=\"mailto:enquiries@fpssnottingham.co.uk\">enquiries@fpssnottingham.co.uk<\/a>. Serviciul accept\u0103, de asemenea, recomand\u0103ri directe din partea echipei independente de revizuire a maternit\u0103\u021bii, condus\u0103 de Donna Ockenden. Site-ul web al serviciului pentru mai multe informa\u021bii este <a href=\"https:\/\/www.fpssnottingham.co.uk\/\">www.fpssnottingham.co.uk.<\/a><\/p>\n\n<h2 class=\"wp-block-heading\">Ce ofer\u0103 serviciul?<\/h2>\n\n<p>Atunci c\u00e2nd serviciul prime\u0219te o recomandare, se organizeaz\u0103 o \u0219edin\u021b\u0103 ini\u021bial\u0103. Persoanele pot participa singure sau \u00eempreun\u0103 cu membrii familiei. \u0218edin\u021ba va dura aproximativ o or\u0103 \u0219i va fi de obicei cu un navigator pentru bun\u0103stare; aceasta este o \u0219ans\u0103 pentru persoan\u0103 de a spune povestea prin care a trecut \u00eentr-un context sigur \u0219i de sus\u021binere \u0219i de a lua \u00een considerare sprijinul care ar func\u021biona cel mai bine pentru ea. Navigatorul pentru bun\u0103stare va lucra cu persoanele pentru a \u00een\u021belege domeniile de interes \u0219i pentru a concepe un pachet de tratament care s\u0103 func\u021bioneze. Acesta poate include o serie de terapii diferite sau nevoi mai largi de sprijin. Navigatorul pentru bun\u0103stare va \u00eemp\u0103rt\u0103\u0219i informa\u021biile cu echipa clinic\u0103 multidisciplinar\u0103 pentru a sprijini luarea deciziilor \u0219i pentru a se asigura c\u0103 sunt luate \u00een considerare cele mai<br\/>adecvate op\u021biuni.     <\/p>\n\n<p>Fiec\u0103ruia i se ofer\u0103 posibilitatea de a alege \u00een mod semnificativ modul \u00een care va avea loc tratamentul. Serviciul este conceput pentru a fi flexibil, iar familiile vor avea posibilitatea de a alege dac\u0103 sesiunea lor are loc fa\u021b\u0103 \u00een fa\u021b\u0103, online sau prin telefon. Serviciul poate oferi vizite la domiciliu acolo unde este necesar. Serviciul are o clinic\u0103 situat\u0103 pe Clinton Avenue \u00een Carrington, aproape de mijloacele de transport \u00een comun, cu parcare gratuit\u0103 \u0219i acces la parter.<\/p>\n\n<p>Navigatorul pentru bun\u0103stare va r\u0103m\u00e2ne un punct de contact centralizat pentru orice sprijin suplimentar sau feedback pe tot parcursul serviciului.<\/p>\n\n<h2 class=\"wp-block-heading\">Serviciile sunt disponibile \u0219i \u00een alte limbi dec\u00e2t engleza?<\/h2>\n\n<p>Serviciul poate aranja un interpret pentru a v\u0103 sprijini \u00een sesiunile dumneavoastr\u0103 pentru sesiuni fa\u021b\u0103 \u00een fa\u021b\u0103, la distan\u021b\u0103 sau vizite la domiciliu. V\u0103 putem aranja s\u0103 ave\u021bi acela\u0219i interpret pe tot parcursul \u00eengrijirii dvs. \u0219i vom urm\u0103ri s\u0103 instruim anumi\u021bi interpre\u021bi dac\u0103 ave\u021bi pe cineva cu care v\u0103 sim\u021bi\u021bi cel mai confortabil. Informa\u021bii \u00een diferite limbi sunt disponibile pe site-ul nostru la <a href=\"https:\/\/www.fpssnottingham.co.uk\/languages\">www.fpssnottingham.co.uk\/languages<\/a>  <\/p>\n\n<h2 class=\"wp-block-heading\">Pot accesa asisten\u021b\u0103 suplimentar\u0103 pentru a-mi satisface nevoile?<\/h2>\n\n<p>Nu se recomand\u0103 implicarea \u00een interven\u021bii terapeutice cu servicii diferite \u00een acela\u0219i timp, cu excep\u021bia cazului \u00een care se abordeaz\u0103 dificult\u0103\u021bi distincte sau diferite. Motivele pentru aceasta sunt c\u0103 dou\u0103 terapii pot intra \u00een conflict una cu cealalt\u0103, precum \u0219i poten\u021biala cerere suplimentar\u0103 pe care acest lucru ar putea s\u0103 o pun\u0103 asupra individului supus tratamentului. Uneori, acest lucru ar putea duce la cre\u0219terea stresului sau la rezultate slabe. Serviciul de asisten\u021b\u0103 psihologic\u0103 pentru familie v\u0103 poate sprijini, de asemenea, cu probleme mai largi care pot fi \u00een afara experien\u021bei dvs. de maternitate, de exemplu cu datorii, locuin\u021be sau probleme de angajare.<\/p>\n\n<h2 class=\"wp-block-heading\">Feedback<\/h2>\n\n<p>Vrem s\u0103 \u00een\u021belegem modul \u00een care familiile experimenteaz\u0103 sprijinul oferit de Serviciul de Asisten\u021b\u0103 Psihologic\u0103 a Familiei. Ca parte a \u00eengrijirii dvs., vi se vor pune c\u00e2teva \u00eentreb\u0103ri \u00een timpul \u0219i dup\u0103 utilizarea serviciului dac\u0103 serviciul v-a \u00eendeplinit nevoile. Acest feedback ne va ajuta s\u0103 \u00eembun\u0103t\u0103\u021bim continuu serviciile pe care le oferim familiilor.  <\/p>\n","protected":false},"excerpt":{"rendered":"<p>R\u0103spunsuri la c\u00e2teva \u00eentreb\u0103ri frecvente adresate familiilor Care sunt obiectivele serviciului? Pentru a oferi sprijin psihologic specializat \u0219i centrat pe persoan\u0103 familiilor care fac parte din revizuirea independent\u0103 a serviciilor de maternitate la Nottingham University Hospitals NHS Trust. Cine furnizeaz\u0103 serviciul? O echip\u0103 dedicat\u0103 de terapeu\u021bi psihologici cu experien\u021b\u0103 specializat\u0103 \u00een lucrul cu familiile ale &hellip; <a href=\"https:\/\/www.ockendenmaternityreview.org.uk\/ro\/fpss-intrebari-frecvente\/\">Continued<\/a><\/p>\n","protected":false},"author":1,"featured_media":0,"parent":0,"menu_order":0,"comment_status":"closed","ping_status":"closed","template":"page-narrow.blade.php","meta":{"_acf_changed":false,"footnotes":""},"class_list":["post-13457","page","type-page","status-publish","hentry"],"acf":[],"yoast_head":"<!-- This site is optimized with the Yoast SEO plugin v27.2 - https:\/\/yoast.com\/product\/yoast-seo-wordpress\/ -->\n<title>FPSS \u00centreb\u0103ri frecvente - Ockenden Review<\/title>\n<meta name=\"robots\" content=\"index, follow, max-snippet:-1, max-image-preview:large, max-video-preview:-1\" \/>\n<link rel=\"canonical\" href=\"https:\/\/www.ockendenmaternityreview.org.uk\/ro\/fpss-intrebari-frecvente\/\" \/>\n<meta property=\"og:locale\" content=\"ro_RO\" \/>\n<meta property=\"og:type\" content=\"article\" \/>\n<meta property=\"og:title\" content=\"FPSS \u00centreb\u0103ri frecvente - Ockenden Review\" \/>\n<meta property=\"og:description\" content=\"R\u0103spunsuri la c\u00e2teva \u00eentreb\u0103ri frecvente adresate familiilor Care sunt obiectivele serviciului? Pentru a oferi sprijin psihologic specializat \u0219i centrat pe persoan\u0103 familiilor care fac parte din revizuirea independent\u0103 a serviciilor de maternitate la Nottingham University Hospitals NHS Trust. Cine furnizeaz\u0103 serviciul? O echip\u0103 dedicat\u0103 de terapeu\u021bi psihologici cu experien\u021b\u0103 specializat\u0103 \u00een lucrul cu familiile ale &hellip; Continued\" \/>\n<meta property=\"og:url\" content=\"https:\/\/www.ockendenmaternityreview.org.uk\/ro\/fpss-intrebari-frecvente\/\" \/>\n<meta property=\"og:site_name\" content=\"Ockenden Review\" \/>\n<meta property=\"article:publisher\" content=\"https:\/\/www.facebook.com\/ockendenmaternityreview?mibextid=wwXIfr\" \/>\n<meta property=\"article:modified_time\" content=\"2026-04-07T10:37:00+00:00\" \/>\n<meta name=\"twitter:card\" content=\"summary_large_image\" \/>\n<meta name=\"twitter:site\" content=\"@ockreview\" \/>\n<meta name=\"twitter:label1\" content=\"Timp estimat pentru citire\" \/>\n\t<meta name=\"twitter:data1\" content=\"4 minute\" \/>\n<script type=\"application\/ld+json\" class=\"yoast-schema-graph\">{\"@context\":\"https:\/\/schema.org\",\"@graph\":[{\"@type\":\"WebPage\",\"@id\":\"https:\/\/www.ockendenmaternityreview.org.uk\/ro\/fpss-intrebari-frecvente\/\",\"url\":\"https:\/\/www.ockendenmaternityreview.org.uk\/ro\/fpss-intrebari-frecvente\/\",\"name\":\"FPSS \u00centreb\u0103ri frecvente - Ockenden Review\",\"isPartOf\":{\"@id\":\"http:\/\/www.ockendenmaternityreview.org.uk\/zh-hant\/#website\"},\"datePublished\":\"2026-03-31T10:28:11+00:00\",\"dateModified\":\"2026-04-07T10:37:00+00:00\",\"breadcrumb\":{\"@id\":\"https:\/\/www.ockendenmaternityreview.org.uk\/ro\/fpss-intrebari-frecvente\/#breadcrumb\"},\"inLanguage\":\"ro-RO\",\"potentialAction\":[{\"@type\":\"ReadAction\",\"target\":[\"https:\/\/www.ockendenmaternityreview.org.uk\/ro\/fpss-intrebari-frecvente\/\"]}]},{\"@type\":\"BreadcrumbList\",\"@id\":\"https:\/\/www.ockendenmaternityreview.org.uk\/ro\/fpss-intrebari-frecvente\/#breadcrumb\",\"itemListElement\":[{\"@type\":\"ListItem\",\"position\":1,\"name\":\"Home\",\"item\":\"https:\/\/www.ockendenmaternityreview.org.uk\/ro\/\"},{\"@type\":\"ListItem\",\"position\":2,\"name\":\"FPSS \u00centreb\u0103ri frecvente\"}]},{\"@type\":\"WebSite\",\"@id\":\"http:\/\/www.ockendenmaternityreview.org.uk\/zh-hant\/#website\",\"url\":\"http:\/\/www.ockendenmaternityreview.org.uk\/zh-hant\/\",\"name\":\"Ockenden Review\",\"description\":\"\",\"potentialAction\":[{\"@type\":\"SearchAction\",\"target\":{\"@type\":\"EntryPoint\",\"urlTemplate\":\"http:\/\/www.ockendenmaternityreview.org.uk\/zh-hant\/?s={search_term_string}\"},\"query-input\":{\"@type\":\"PropertyValueSpecification\",\"valueRequired\":true,\"valueName\":\"search_term_string\"}}],\"inLanguage\":\"ro-RO\"}]}<\/script>\n<!-- \/ Yoast SEO plugin. -->","yoast_head_json":{"title":"FPSS \u00centreb\u0103ri frecvente - Ockenden Review","robots":{"index":"index","follow":"follow","max-snippet":"max-snippet:-1","max-image-preview":"max-image-preview:large","max-video-preview":"max-video-preview:-1"},"canonical":"https:\/\/www.ockendenmaternityreview.org.uk\/ro\/fpss-intrebari-frecvente\/","og_locale":"ro_RO","og_type":"article","og_title":"FPSS \u00centreb\u0103ri frecvente - Ockenden Review","og_description":"R\u0103spunsuri la c\u00e2teva \u00eentreb\u0103ri frecvente adresate familiilor Care sunt obiectivele serviciului? Pentru a oferi sprijin psihologic specializat \u0219i centrat pe persoan\u0103 familiilor care fac parte din revizuirea independent\u0103 a serviciilor de maternitate la Nottingham University Hospitals NHS Trust. Cine furnizeaz\u0103 serviciul? O echip\u0103 dedicat\u0103 de terapeu\u021bi psihologici cu experien\u021b\u0103 specializat\u0103 \u00een lucrul cu familiile ale &hellip; Continued","og_url":"https:\/\/www.ockendenmaternityreview.org.uk\/ro\/fpss-intrebari-frecvente\/","og_site_name":"Ockenden Review","article_publisher":"https:\/\/www.facebook.com\/ockendenmaternityreview?mibextid=wwXIfr","article_modified_time":"2026-04-07T10:37:00+00:00","twitter_card":"summary_large_image","twitter_site":"@ockreview","twitter_misc":{"Timp estimat pentru citire":"4 minute"},"schema":{"@context":"https:\/\/schema.org","@graph":[{"@type":"WebPage","@id":"https:\/\/www.ockendenmaternityreview.org.uk\/ro\/fpss-intrebari-frecvente\/","url":"https:\/\/www.ockendenmaternityreview.org.uk\/ro\/fpss-intrebari-frecvente\/","name":"FPSS \u00centreb\u0103ri frecvente - Ockenden Review","isPartOf":{"@id":"http:\/\/www.ockendenmaternityreview.org.uk\/zh-hant\/#website"},"datePublished":"2026-03-31T10:28:11+00:00","dateModified":"2026-04-07T10:37:00+00:00","breadcrumb":{"@id":"https:\/\/www.ockendenmaternityreview.org.uk\/ro\/fpss-intrebari-frecvente\/#breadcrumb"},"inLanguage":"ro-RO","potentialAction":[{"@type":"ReadAction","target":["https:\/\/www.ockendenmaternityreview.org.uk\/ro\/fpss-intrebari-frecvente\/"]}]},{"@type":"BreadcrumbList","@id":"https:\/\/www.ockendenmaternityreview.org.uk\/ro\/fpss-intrebari-frecvente\/#breadcrumb","itemListElement":[{"@type":"ListItem","position":1,"name":"Home","item":"https:\/\/www.ockendenmaternityreview.org.uk\/ro\/"},{"@type":"ListItem","position":2,"name":"FPSS \u00centreb\u0103ri frecvente"}]},{"@type":"WebSite","@id":"http:\/\/www.ockendenmaternityreview.org.uk\/zh-hant\/#website","url":"http:\/\/www.ockendenmaternityreview.org.uk\/zh-hant\/","name":"Ockenden Review","description":"","potentialAction":[{"@type":"SearchAction","target":{"@type":"EntryPoint","urlTemplate":"http:\/\/www.ockendenmaternityreview.org.uk\/zh-hant\/?s={search_term_string}"},"query-input":{"@type":"PropertyValueSpecification","valueRequired":true,"valueName":"search_term_string"}}],"inLanguage":"ro-RO"}]}},"_links":{"self":[{"href":"https:\/\/www.ockendenmaternityreview.org.uk\/ro\/wp-json\/wp\/v2\/pages\/13457","targetHints":{"allow":["GET"]}}],"collection":[{"href":"https:\/\/www.ockendenmaternityreview.org.uk\/ro\/wp-json\/wp\/v2\/pages"}],"about":[{"href":"https:\/\/www.ockendenmaternityreview.org.uk\/ro\/wp-json\/wp\/v2\/types\/page"}],"author":[{"embeddable":true,"href":"https:\/\/www.ockendenmaternityreview.org.uk\/ro\/wp-json\/wp\/v2\/users\/1"}],"replies":[{"embeddable":true,"href":"https:\/\/www.ockendenmaternityreview.org.uk\/ro\/wp-json\/wp\/v2\/comments?post=13457"}],"version-history":[{"count":0,"href":"https:\/\/www.ockendenmaternityreview.org.uk\/ro\/wp-json\/wp\/v2\/pages\/13457\/revisions"}],"wp:attachment":[{"href":"https:\/\/www.ockendenmaternityreview.org.uk\/ro\/wp-json\/wp\/v2\/media?parent=13457"}],"curies":[{"name":"wp","href":"https:\/\/api.w.org\/{rel}","templated":true}]}}