{"id":13483,"date":"2026-03-30T15:59:17","date_gmt":"2026-03-30T15:59:17","guid":{"rendered":"https:\/\/www.ockendenmaternityreview.org.uk\/sprijin-psihologic-pentru-familii-2\/"},"modified":"2026-04-07T10:38:22","modified_gmt":"2026-04-07T10:38:22","slug":"sprijin-psihologic-pentru-familii-2","status":"publish","type":"page","link":"https:\/\/www.ockendenmaternityreview.org.uk\/ro\/sprijin-psihologic-pentru-familii-2\/","title":{"rendered":"Sprijin psihologic pentru familii"},"content":{"rendered":"\n<div class=\"wp-block-columns is-layout-flex wp-container-core-columns-is-layout-9d6595d7 wp-block-columns-is-layout-flex\">\n<div class=\"wp-block-column is-layout-flow wp-block-column-is-layout-flow\">\n<h2 class=\"wp-block-heading\">Serviciul de asisten\u021b\u0103 psihologic\u0103 familial\u0103<\/h2>\n\n\n\n<p>Serviciul de sprijin psihologic familial este un serviciu specializat destinat exclusiv familiilor implicate \u00een revizuirea maternit\u0103\u021bii. Acesta ofer\u0103 un pachet de sprijin personalizat pentru orice persoan\u0103 din familia dumneavoastr\u0103 afectat\u0103 de experien\u021ba na\u0219terii, indiferent de rezultat. <\/p>\n\n\n\n<p><a href=\"https:\/\/www.ockendenmaternityreview.org.uk\/ro\/serviciul-de-asistenta-psihologica-familiala\/\">Citeste mai mult<\/a><\/p>\n<\/div>\n\n\n\n<div class=\"wp-block-column is-layout-flow wp-block-column-is-layout-flow\">\n<h2 class=\"wp-block-heading\">Sprijin \u00een caz de criz\u0103 \u00een domeniul s\u0103n\u0103t\u0103\u021bii mintale<\/h2>\n\n\n\n<p>Uneori, este posibil s\u0103 v\u0103 confrunta\u021bi cu o suferin\u021b\u0103 intens\u0103 sau cu g\u00e2nduri suicidare \u0219i s\u0103 ave\u021bi nevoie de ajutor \u00een caz de urgen\u021b\u0103. Noi, cei de la FPSS, nu suntem un serviciu de criz\u0103 \u0219i este posibil s\u0103 nu fim disponibili pentru a vorbi cu dvs. \u00eentr-un timp foarte scurt.   <\/p>\n\n\n\n<p><a href=\"https:\/\/www.ockendenmaternityreview.org.uk\/ro\/sprijin-in-caz-de-criza-in-domeniul-sanatatii-mintale\/\">Citeste mai mult<\/a><\/p>\n<\/div>\n<\/div>\n\n<div class=\"wp-block-columns is-layout-flex wp-container-core-columns-is-layout-9d6595d7 wp-block-columns-is-layout-flex\">\n<div class=\"wp-block-column is-layout-flow wp-block-column-is-layout-flow\">\n<h2 class=\"wp-block-heading\">FPSS \u00centreb\u0103ri frecvente<\/h2>\n\n\n\n<p>R\u0103spunsuri la c\u00e2teva \u00eentreb\u0103ri frecvente adresate familiilor<\/p>\n\n\n\n<p><a href=\"https:\/\/www.ockendenmaternityreview.org.uk\/ro\/fpss-intrebari-frecvente\/\">Citeste mai mult<\/a><\/p>\n<\/div>\n\n\n\n<div class=\"wp-block-column is-layout-flow wp-block-column-is-layout-flow\">\n<h2 class=\"wp-block-heading\">Calea serviciului de sprijin psihologic familial<\/h2>\n\n\n\n<p><a href=\"http:\/\/www.ockendenmaternityreview.org.uk\/wp-content\/uploads\/2026\/03\/FPSS-Service-User-Pathway-Final-1.pdf\" target=\"_blank\" rel=\"noreferrer noopener\">Citeste mai mult<\/a><\/p>\n<\/div>\n<\/div>\n","protected":false},"excerpt":{"rendered":"<p>Serviciul de asisten\u021b\u0103 psihologic\u0103 familial\u0103 Serviciul de sprijin psihologic familial este un serviciu specializat destinat exclusiv familiilor implicate \u00een revizuirea maternit\u0103\u021bii. Acesta ofer\u0103 un pachet de sprijin personalizat pentru orice persoan\u0103 din familia dumneavoastr\u0103 afectat\u0103 de experien\u021ba na\u0219terii, indiferent de rezultat. Citeste mai mult Sprijin \u00een caz de criz\u0103 \u00een domeniul s\u0103n\u0103t\u0103\u021bii mintale Uneori, este &hellip; <a href=\"https:\/\/www.ockendenmaternityreview.org.uk\/ro\/sprijin-psihologic-pentru-familii-2\/\">Continued<\/a><\/p>\n","protected":false},"author":1,"featured_media":0,"parent":0,"menu_order":0,"comment_status":"closed","ping_status":"closed","template":"page-narrow.blade.php","meta":{"_acf_changed":false,"footnotes":""},"class_list":["post-13483","page","type-page","status-publish","hentry"],"acf":[],"yoast_head":"<!-- This site is optimized with the Yoast SEO plugin v27.2 - https:\/\/yoast.com\/product\/yoast-seo-wordpress\/ -->\n<title>Sprijin psihologic pentru familii - Ockenden Review<\/title>\n<meta name=\"robots\" content=\"index, follow, max-snippet:-1, max-image-preview:large, max-video-preview:-1\" \/>\n<link rel=\"canonical\" href=\"https:\/\/www.ockendenmaternityreview.org.uk\/ro\/sprijin-psihologic-pentru-familii-2\/\" \/>\n<meta property=\"og:locale\" content=\"ro_RO\" \/>\n<meta property=\"og:type\" content=\"article\" \/>\n<meta property=\"og:title\" content=\"Sprijin psihologic pentru familii - Ockenden Review\" \/>\n<meta property=\"og:description\" content=\"Serviciul de asisten\u021b\u0103 psihologic\u0103 familial\u0103 Serviciul de sprijin psihologic familial este un serviciu specializat destinat exclusiv familiilor implicate \u00een revizuirea maternit\u0103\u021bii. Acesta ofer\u0103 un pachet de sprijin personalizat pentru orice persoan\u0103 din familia dumneavoastr\u0103 afectat\u0103 de experien\u021ba na\u0219terii, indiferent de rezultat. Citeste mai mult Sprijin \u00een caz de criz\u0103 \u00een domeniul s\u0103n\u0103t\u0103\u021bii mintale Uneori, este &hellip; Continued\" \/>\n<meta property=\"og:url\" content=\"https:\/\/www.ockendenmaternityreview.org.uk\/ro\/sprijin-psihologic-pentru-familii-2\/\" \/>\n<meta property=\"og:site_name\" content=\"Ockenden Review\" \/>\n<meta property=\"article:publisher\" content=\"https:\/\/www.facebook.com\/ockendenmaternityreview?mibextid=wwXIfr\" \/>\n<meta property=\"article:modified_time\" content=\"2026-04-07T10:38:22+00:00\" \/>\n<meta name=\"twitter:card\" content=\"summary_large_image\" \/>\n<meta name=\"twitter:site\" content=\"@ockreview\" \/>\n<meta name=\"twitter:label1\" content=\"Timp estimat pentru citire\" \/>\n\t<meta name=\"twitter:data1\" content=\"1 minut\" \/>\n<script type=\"application\/ld+json\" class=\"yoast-schema-graph\">{\"@context\":\"https:\/\/schema.org\",\"@graph\":[{\"@type\":\"WebPage\",\"@id\":\"https:\/\/www.ockendenmaternityreview.org.uk\/ro\/sprijin-psihologic-pentru-familii-2\/\",\"url\":\"https:\/\/www.ockendenmaternityreview.org.uk\/ro\/sprijin-psihologic-pentru-familii-2\/\",\"name\":\"Sprijin psihologic pentru familii - Ockenden Review\",\"isPartOf\":{\"@id\":\"https:\/\/www.ockendenmaternityreview.org.uk\/zh-hant\/#website\"},\"datePublished\":\"2026-03-30T15:59:17+00:00\",\"dateModified\":\"2026-04-07T10:38:22+00:00\",\"breadcrumb\":{\"@id\":\"https:\/\/www.ockendenmaternityreview.org.uk\/ro\/sprijin-psihologic-pentru-familii-2\/#breadcrumb\"},\"inLanguage\":\"ro-RO\",\"potentialAction\":[{\"@type\":\"ReadAction\",\"target\":[\"https:\/\/www.ockendenmaternityreview.org.uk\/ro\/sprijin-psihologic-pentru-familii-2\/\"]}]},{\"@type\":\"BreadcrumbList\",\"@id\":\"https:\/\/www.ockendenmaternityreview.org.uk\/ro\/sprijin-psihologic-pentru-familii-2\/#breadcrumb\",\"itemListElement\":[{\"@type\":\"ListItem\",\"position\":1,\"name\":\"Home\",\"item\":\"https:\/\/www.ockendenmaternityreview.org.uk\/ro\/\"},{\"@type\":\"ListItem\",\"position\":2,\"name\":\"Sprijin psihologic pentru familii\"}]},{\"@type\":\"WebSite\",\"@id\":\"https:\/\/www.ockendenmaternityreview.org.uk\/zh-hant\/#website\",\"url\":\"https:\/\/www.ockendenmaternityreview.org.uk\/zh-hant\/\",\"name\":\"Ockenden Review\",\"description\":\"\",\"potentialAction\":[{\"@type\":\"SearchAction\",\"target\":{\"@type\":\"EntryPoint\",\"urlTemplate\":\"https:\/\/www.ockendenmaternityreview.org.uk\/zh-hant\/?s={search_term_string}\"},\"query-input\":{\"@type\":\"PropertyValueSpecification\",\"valueRequired\":true,\"valueName\":\"search_term_string\"}}],\"inLanguage\":\"ro-RO\"}]}<\/script>\n<!-- \/ Yoast SEO plugin. -->","yoast_head_json":{"title":"Sprijin psihologic pentru familii - Ockenden Review","robots":{"index":"index","follow":"follow","max-snippet":"max-snippet:-1","max-image-preview":"max-image-preview:large","max-video-preview":"max-video-preview:-1"},"canonical":"https:\/\/www.ockendenmaternityreview.org.uk\/ro\/sprijin-psihologic-pentru-familii-2\/","og_locale":"ro_RO","og_type":"article","og_title":"Sprijin psihologic pentru familii - Ockenden Review","og_description":"Serviciul de asisten\u021b\u0103 psihologic\u0103 familial\u0103 Serviciul de sprijin psihologic familial este un serviciu specializat destinat exclusiv familiilor implicate \u00een revizuirea maternit\u0103\u021bii. Acesta ofer\u0103 un pachet de sprijin personalizat pentru orice persoan\u0103 din familia dumneavoastr\u0103 afectat\u0103 de experien\u021ba na\u0219terii, indiferent de rezultat. Citeste mai mult Sprijin \u00een caz de criz\u0103 \u00een domeniul s\u0103n\u0103t\u0103\u021bii mintale Uneori, este &hellip; Continued","og_url":"https:\/\/www.ockendenmaternityreview.org.uk\/ro\/sprijin-psihologic-pentru-familii-2\/","og_site_name":"Ockenden Review","article_publisher":"https:\/\/www.facebook.com\/ockendenmaternityreview?mibextid=wwXIfr","article_modified_time":"2026-04-07T10:38:22+00:00","twitter_card":"summary_large_image","twitter_site":"@ockreview","twitter_misc":{"Timp estimat pentru citire":"1 minut"},"schema":{"@context":"https:\/\/schema.org","@graph":[{"@type":"WebPage","@id":"https:\/\/www.ockendenmaternityreview.org.uk\/ro\/sprijin-psihologic-pentru-familii-2\/","url":"https:\/\/www.ockendenmaternityreview.org.uk\/ro\/sprijin-psihologic-pentru-familii-2\/","name":"Sprijin psihologic pentru familii - Ockenden Review","isPartOf":{"@id":"https:\/\/www.ockendenmaternityreview.org.uk\/zh-hant\/#website"},"datePublished":"2026-03-30T15:59:17+00:00","dateModified":"2026-04-07T10:38:22+00:00","breadcrumb":{"@id":"https:\/\/www.ockendenmaternityreview.org.uk\/ro\/sprijin-psihologic-pentru-familii-2\/#breadcrumb"},"inLanguage":"ro-RO","potentialAction":[{"@type":"ReadAction","target":["https:\/\/www.ockendenmaternityreview.org.uk\/ro\/sprijin-psihologic-pentru-familii-2\/"]}]},{"@type":"BreadcrumbList","@id":"https:\/\/www.ockendenmaternityreview.org.uk\/ro\/sprijin-psihologic-pentru-familii-2\/#breadcrumb","itemListElement":[{"@type":"ListItem","position":1,"name":"Home","item":"https:\/\/www.ockendenmaternityreview.org.uk\/ro\/"},{"@type":"ListItem","position":2,"name":"Sprijin psihologic pentru familii"}]},{"@type":"WebSite","@id":"https:\/\/www.ockendenmaternityreview.org.uk\/zh-hant\/#website","url":"https:\/\/www.ockendenmaternityreview.org.uk\/zh-hant\/","name":"Ockenden Review","description":"","potentialAction":[{"@type":"SearchAction","target":{"@type":"EntryPoint","urlTemplate":"https:\/\/www.ockendenmaternityreview.org.uk\/zh-hant\/?s={search_term_string}"},"query-input":{"@type":"PropertyValueSpecification","valueRequired":true,"valueName":"search_term_string"}}],"inLanguage":"ro-RO"}]}},"_links":{"self":[{"href":"https:\/\/www.ockendenmaternityreview.org.uk\/ro\/wp-json\/wp\/v2\/pages\/13483","targetHints":{"allow":["GET"]}}],"collection":[{"href":"https:\/\/www.ockendenmaternityreview.org.uk\/ro\/wp-json\/wp\/v2\/pages"}],"about":[{"href":"https:\/\/www.ockendenmaternityreview.org.uk\/ro\/wp-json\/wp\/v2\/types\/page"}],"author":[{"embeddable":true,"href":"https:\/\/www.ockendenmaternityreview.org.uk\/ro\/wp-json\/wp\/v2\/users\/1"}],"replies":[{"embeddable":true,"href":"https:\/\/www.ockendenmaternityreview.org.uk\/ro\/wp-json\/wp\/v2\/comments?post=13483"}],"version-history":[{"count":0,"href":"https:\/\/www.ockendenmaternityreview.org.uk\/ro\/wp-json\/wp\/v2\/pages\/13483\/revisions"}],"wp:attachment":[{"href":"https:\/\/www.ockendenmaternityreview.org.uk\/ro\/wp-json\/wp\/v2\/media?parent=13483"}],"curies":[{"name":"wp","href":"https:\/\/api.w.org\/{rel}","templated":true}]}}